{"id":13207,"date":"2024-09-27T20:17:27","date_gmt":"2024-09-27T20:17:27","guid":{"rendered":"https:\/\/brouo.com.mx\/serviap\/product\/ht-tunnel-free-standing\/"},"modified":"2025-04-04T22:47:09","modified_gmt":"2025-04-04T22:47:09","slug":"ht-tunnel-free-standing","status":"publish","type":"product","link":"https:\/\/www.serviaplogistics.com\/en\/product\/ht-tunnel-free-standing\/","title":{"rendered":"HT TUNNEL FREE STANDING"},"content":{"rendered":"<p><span data-sheets-root=\"1\">La HT Tunnel Free Standing es una barrera m\u00f3vil que se adapta a t\u00faneles y pasillos con tr\u00e1fico constante. Su dise\u00f1o independiente permite una mayor flexibilidad en su ubicaci\u00f3n, proporcionando protecci\u00f3n a peatones y equipos sin necesidad de fijaciones permanentes. <\/span><\/p>\n","protected":false},"excerpt":{"rendered":"<div class=\"space\">\n            <span style=\"font-size: 21px;\"><br \/>\n              <strong>Protege a las personas de la ca\u00edda de mercanc\u00edas<\/strong><br \/>\n            <\/span>\n          <\/div>\n<div class=\"space\">\n            <span style=\"font-size: 18px;\" data-sheets-root=\"1\">La FLEX IMPACT\u00ae HT TUNNEL FREE STANDING protege a los peatones, lo que permite un paso seguro entre las mercanc\u00edas apiladas. Las barreras flexibles ubicadas en ambos extremos de la pasarela previenen la ca\u00edda de productos sobre los peatones que transitan. El t\u00fanel independiente se puede instalar con facilidad en cualquier lugar donde desee proteger a las personas de la ca\u00edda de productos. El HT TUNNEL FREE STANDING est\u00e1 conformado por una barrera f\u00edsica bien visible para los veh\u00edculos. Como este producto de seguridad es tan llamativo, los conductores lo tienen en cuenta al maniobrar. La utilizaci\u00f3n del HT TUNNEL es factible en plataformas, ya que reduce el riesgo de ca\u00eddas.     <\/span>\n          <\/div>\n","protected":false},"featured_media":12100,"template":"","meta":{"_acf_changed":false,"_seopress_robots_primary_cat":"none","_seopress_titles_title":"","_seopress_titles_desc":"","_seopress_robots_index":"","content-type":""},"product_brand":[],"product_cat":[94,91],"product_tag":[],"class_list":{"0":"post-13207","1":"product","2":"type-product","3":"status-publish","4":"has-post-thumbnail","6":"product_cat-handrails-safety-rails","7":"product_cat-security-solutions","9":"first","10":"instock","11":"shipping-taxable","12":"product-type-simple"},"acf":[],"_links":{"self":[{"href":"https:\/\/www.serviaplogistics.com\/en\/wp-json\/wp\/v2\/product\/13207","targetHints":{"allow":["GET"]}}],"collection":[{"href":"https:\/\/www.serviaplogistics.com\/en\/wp-json\/wp\/v2\/product"}],"about":[{"href":"https:\/\/www.serviaplogistics.com\/en\/wp-json\/wp\/v2\/types\/product"}],"wp:featuredmedia":[{"embeddable":true,"href":"https:\/\/www.serviaplogistics.com\/en\/wp-json\/wp\/v2\/media\/12100"}],"wp:attachment":[{"href":"https:\/\/www.serviaplogistics.com\/en\/wp-json\/wp\/v2\/media?parent=13207"}],"wp:term":[{"taxonomy":"product_brand","embeddable":true,"href":"https:\/\/www.serviaplogistics.com\/en\/wp-json\/wp\/v2\/product_brand?post=13207"},{"taxonomy":"product_cat","embeddable":true,"href":"https:\/\/www.serviaplogistics.com\/en\/wp-json\/wp\/v2\/product_cat?post=13207"},{"taxonomy":"product_tag","embeddable":true,"href":"https:\/\/www.serviaplogistics.com\/en\/wp-json\/wp\/v2\/product_tag?post=13207"}],"curies":[{"name":"wp","href":"https:\/\/api.w.org\/{rel}","templated":true}]}}