{"id":13518,"date":"2024-10-02T19:50:20","date_gmt":"2024-10-02T19:50:20","guid":{"rendered":"https:\/\/brouo.com.mx\/serviap\/product\/cp-corner-protector\/"},"modified":"2025-04-04T19:35:31","modified_gmt":"2025-04-04T19:35:31","slug":"cp-corner-protector","status":"publish","type":"product","link":"https:\/\/www.serviaplogistics.com\/en\/product\/cp-corner-protector\/","title":{"rendered":"CP CORNER PROTECTOR"},"content":{"rendered":"<p><span data-sheets-root=\"1\">El CP Corner Protector ofrece una defensa robusta y confiable para las esquinas de paredes e infraestructura, absorbiendo impactos y evitando da\u00f1os en \u00e1reas de alto tr\u00e1fico. Su dise\u00f1o resistente garantiza protecci\u00f3n duradera, reduciendo el riesgo de reparaciones costosas y manteniendo la seguridad en tu almac\u00e9n. <\/span><\/p>\n","protected":false},"excerpt":{"rendered":"<div class=\"space\"><span class=\"tl1\">Impact resistance <\/span><span class=\"kj\" data-sheets-root=\"1\">0.5 kJ<\/span><\/div>\n<div class=\"space\">\n            <span style=\"font-size: 21px;\"><br \/>\n              <strong>Proteja la infraestructura de los transpaletas<\/strong><br \/>\n            <\/span>\n          <\/div>\n<div class=\"space\">\n            <span style=\"font-size: 18px;\" data-sheets-root=\"1\">The <strong>FLEX IMPACT\u00ae CP CORNER PROTECTOR <\/strong>is an impact-resistant corner or wall protector for walls, partitions, and corners, as well as for small machines and columns in your business, garage, warehouse, or shop. The CP CORNER PROTECTOR is part of the FLEX IMPACT\u00ae series, which is characterized by its flexibility and durability and is available in yellow and black. The CP CORNER PROTECTOR is lightweight, easy to install, and protects the most delicate corners and edges of your walls and partitions.  <\/span>\n          <\/div>\n","protected":false},"featured_media":12216,"template":"","meta":{"_acf_changed":false,"_seopress_robots_primary_cat":"none","_seopress_titles_title":"","_seopress_titles_desc":"","_seopress_robots_index":"","content-type":""},"product_brand":[],"product_cat":[100,102],"product_tag":[],"class_list":{"0":"post-13518","1":"product","2":"type-product","3":"status-publish","4":"has-post-thumbnail","6":"product_cat-column-and-corner-protectors","7":"product_cat-corner-protectors","9":"first","10":"instock","11":"shipping-taxable","12":"product-type-simple"},"acf":[],"_links":{"self":[{"href":"https:\/\/www.serviaplogistics.com\/en\/wp-json\/wp\/v2\/product\/13518","targetHints":{"allow":["GET"]}}],"collection":[{"href":"https:\/\/www.serviaplogistics.com\/en\/wp-json\/wp\/v2\/product"}],"about":[{"href":"https:\/\/www.serviaplogistics.com\/en\/wp-json\/wp\/v2\/types\/product"}],"wp:featuredmedia":[{"embeddable":true,"href":"https:\/\/www.serviaplogistics.com\/en\/wp-json\/wp\/v2\/media\/12216"}],"wp:attachment":[{"href":"https:\/\/www.serviaplogistics.com\/en\/wp-json\/wp\/v2\/media?parent=13518"}],"wp:term":[{"taxonomy":"product_brand","embeddable":true,"href":"https:\/\/www.serviaplogistics.com\/en\/wp-json\/wp\/v2\/product_brand?post=13518"},{"taxonomy":"product_cat","embeddable":true,"href":"https:\/\/www.serviaplogistics.com\/en\/wp-json\/wp\/v2\/product_cat?post=13518"},{"taxonomy":"product_tag","embeddable":true,"href":"https:\/\/www.serviaplogistics.com\/en\/wp-json\/wp\/v2\/product_tag?post=13518"}],"curies":[{"name":"wp","href":"https:\/\/api.w.org\/{rel}","templated":true}]}}