{"id":26333,"date":"2024-11-11T22:34:26","date_gmt":"2024-11-11T22:34:26","guid":{"rendered":"https:\/\/brouo.com.mx\/serviap\/aviso-de-privacidade\/"},"modified":"2025-02-19T23:21:08","modified_gmt":"2025-02-19T23:21:08","slug":"aviso-de-privacidade","status":"publish","type":"page","link":"https:\/\/www.serviaplogistics.com\/pt-br\/aviso-de-privacidade\/","title":{"rendered":"AVISO DE PRIVACIDADE"},"content":{"rendered":"\t\t<div data-elementor-type=\"wp-page\" data-elementor-id=\"26333\" class=\"elementor elementor-26333 elementor-16870\" data-elementor-post-type=\"page\">\n\t\t\t\t<div class=\"elementor-element elementor-element-22cdec33 e-flex e-con-boxed e-con e-parent\" data-id=\"22cdec33\" data-element_type=\"container\">\n\t\t\t\t\t<div class=\"e-con-inner\">\n\t\t\t\t<div class=\"elementor-element elementor-element-f942253 jltma-glass-effect-no elementor-widget elementor-widget-hub_fancy_heading\" data-id=\"f942253\" data-element_type=\"widget\" data-widget_type=\"hub_fancy_heading.default\">\n\t\t\t\t<div class=\"elementor-widget-container\">\n\t\t\t\t\t\n\t\t<div id=\"ld-fancy-heading-69d8e504e5684\" class=\"ld-fancy-heading pos-rel\">\n\t\t\t<h2 class=\"ld-fh-element d-inline-block pos-rel  elementor-heading-title lqd-highlight-classic lqd-highlight-grow-left h2\"  > AVISO DE PRIVACIDADE<\/h2>\t\t<\/div>\n\n\t\t\t\t\t\t<\/div>\n\t\t\t\t<\/div>\n\t\t\t\t<div class=\"elementor-element elementor-element-1c079f19 jltma-glass-effect-no elementor-widget elementor-widget-text-editor\" data-id=\"1c079f19\" data-element_type=\"widget\" data-widget_type=\"text-editor.default\">\n\t\t\t\t<div class=\"elementor-widget-container\">\n\t\t\t\t\t\t\t\t\t<p>Em conformidade com a obriga\u00e7\u00e3o de proteger informa\u00e7\u00f5es e dados pessoais, e com fundamento nos artigos 3(I), 8, 12, 15, 16 e demais dispositivos aplic\u00e1veis da Lei Federal de Prote\u00e7\u00e3o de Dados Pessoais em Posse de Particulares, a EMPRESA disponibiliza o presente Aviso de Privacidade.<\/p>\n<h4 class=\"titulo-nunito\">1. IDENTIDADE E ENDERE\u00c7O DO RESPONS\u00c1VEL PELA PROTE\u00c7\u00c3O DE DADOS PESSOAIS<\/h4>\n<p><span data-sheets-root=\"1\">SERVIAP LOGISTICS, S.A. DE C.V., localizada em Madrid #8 Col. Valle Dorado em Tlalnepantla de Baz, Estado do M\u00e9xico CEP 54020, \u00e9 a respons\u00e1vel pelo uso e prote\u00e7\u00e3o de seus dados pessoais. <\/span><\/p>\n<h4 class=\"titulo-nunito\">2. DADOS PESSOAIS UTILIZADOS<\/h4>\n<p>Para cumprir as finalidades descritas neste Aviso de Privacidade, utilizaremos os seguintes dados pessoais:<\/p>\n<ul>\n<li>a) Informa\u00e7\u00f5es de contato<\/li>\n<li>b) Dados de identifica\u00e7\u00e3o<\/li>\n<li>c) Informa\u00e7\u00f5es de faturamento<\/li>\n<\/ul>\n<h4 class=\"titulo-nunito\">3. COOKIES, WEB BEACONS E TECNOLOGIAS SIMILARES<\/h4>\n<p><span data-sheets-root=\"1\">Utilizamos cookies, web beacons e\/ou tecnologias similares para melhorar sua experi\u00eancia em nosso site. Essas ferramentas coletam informa\u00e7\u00f5es como seu endere\u00e7o IP, tipo de navegador, p\u00e1ginas visitadas e a dura\u00e7\u00e3o da sua visita. Esses dados podem ser utilizados para analisar tend\u00eancias, gerenciar o site e aprimorar nossos servi\u00e7os. Voc\u00ea pode desativar essas tecnologias nas configura\u00e7\u00f5es do seu navegador, mas esteja ciente de que isso pode afetar a funcionalidade do site.   <\/span><\/p>\n<h4 class=\"titulo-nunito\">4. MEDIDAS DE SEGURAN\u00c7A E TEMPO DE RETEN\u00c7\u00c3O<\/h4>\n<p><span data-sheets-root=\"1\">Implementamos medidas de seguran\u00e7a t\u00e9cnicas, administrativas e f\u00edsicas para proteger a seguran\u00e7a de seus dados pessoais, cumprindo os padr\u00f5es legais.<\/span><\/p>\n<p><span data-sheets-root=\"1\">Os seus dados ser\u00e3o retidos por um per\u00edodo de 12 meses, em conformidade com as finalidades descritas neste aviso e os prazos legais aplic\u00e1veis.<\/span><\/p>\n<h4 class=\"titulo-nunito\">5. FINALIDADES DO TRATAMENTO DOS DADOS PESSOAIS<\/h4>\n<p>Utilizaremos os dados coletados para as seguintes finalidades, que s\u00e3o necess\u00e1rias para fornecer o servi\u00e7o solicitado:<\/p>\n<ul>\n<li>a) Fins de contato, esclarecimentos e comunica\u00e7\u00e3o<\/li>\n<li>b) Fins de faturamento e cobran\u00e7a<\/li>\n<li>c) Fins de envio e entrega de produtos e servi\u00e7os<\/li>\n<li>d) Estabelecimento de uma rela\u00e7\u00e3o comercial<\/li>\n<\/ul>\n<h4 class=\"titulo-nunito\">6. COMPARTILHAMENTO E TRANSFER\u00caNCIA DE DADOS<\/h4>\n<p><span data-sheets-root=\"1\">N\u00e3o compartilharemos seus dados pessoais com terceiros, exceto quando exigido por lei. Os dados ser\u00e3o utilizados exclusivamente para as finalidades mencionadas neste Aviso de Privacidade. <\/span><\/p>\n<h4 class=\"titulo-nunito\">7. MEIOS PARA EXERCER OS DIREITOS DE ACESSO, RETIFICA\u00c7\u00c3O, CANCELAMENTO OU OPOSI\u00c7\u00c3O<\/h4>\n<p><span data-sheets-root=\"1\">Voc\u00ea tem o direito de saber quais dados pessoais temos sobre voc\u00ea, como eles s\u00e3o utilizados e as condi\u00e7\u00f5es em que s\u00e3o tratados (direito de acesso). Voc\u00ea tamb\u00e9m tem o direito de solicitar a corre\u00e7\u00e3o de suas informa\u00e7\u00f5es pessoais caso estejam desatualizadas, incorretas ou incompletas (direito de retifica\u00e7\u00e3o); solicitar a exclus\u00e3o de seus dados de nossos registros ou bases de dados caso considere que seu uso n\u00e3o est\u00e1 de acordo com os princ\u00edpios, deveres e obriga\u00e7\u00f5es estabelecidos pela legisla\u00e7\u00e3o (direito de cancelamento); e se opor ao tratamento de seus dados pessoais para finalidades espec\u00edficas (direito de oposi\u00e7\u00e3o). Esses direitos s\u00e3o conhecidos como direitos ARCO.  <\/span><\/p>\n<p><span data-sheets-root=\"1\">Para exercer seus direitos ARCO, entre em contato com a pessoa ou o departamento respons\u00e1vel pelo gerenciamento dessas solicita\u00e7\u00f5es por meio dos seguintes canais:<\/span><\/p>\n<p><span data-sheets-root=\"1\">Nome: Departamento Administrativo<\/span><\/p>\n<p><span data-sheets-root=\"1\">E-mail: privacidad@gruposerviap.com<\/span><\/p>\n<p><span data-sheets-root=\"1\">Se voc\u00ea deseja exercer os direitos de acesso, retifica\u00e7\u00e3o, cancelamento ou oposi\u00e7\u00e3o ao tratamento dos seus dados pessoais, ou limitar sua divulga\u00e7\u00e3o, envie a solicita\u00e7\u00e3o correspondente para hola@hola.com.<\/span><\/p>\n<p><span data-sheets-root=\"1\">A resposta \u00e0 sua solicita\u00e7\u00e3o ser\u00e1 comunicada por e-mail. O prazo para fornecermos uma resposta \u00e0 sua solicita\u00e7\u00e3o ser\u00e1 de 15 dias \u00fateis. <\/span><\/p>\n<h4 class=\"titulo-nunito\">8. OP\u00c7\u00d5ES E MEIOS QUE O RESPONS\u00c1VEL OFERECE AOS TITULARES PARA LIMITAR O USO OU DIVULGA\u00c7\u00c3O DOS DADOS<\/h4>\n<p><span data-sheets-root=\"1\">Se voc\u00ea deseja revogar o consentimento dado para o tratamento dos seus dados pessoais ou limitar sua divulga\u00e7\u00e3o, envie a solicita\u00e7\u00e3o correspondente para privacy@serviaplogistics.com<\/span><\/p>\n<p><span data-sheets-root=\"1\">A resposta \u00e0 solicita\u00e7\u00e3o de revoga\u00e7\u00e3o ou limita\u00e7\u00e3o da divulga\u00e7\u00e3o dos seus dados ser\u00e1 enviada por e-mail. O prazo para fornecermos uma resposta \u00e0 solicita\u00e7\u00e3o de revoga\u00e7\u00e3o ou limita\u00e7\u00e3o da divulga\u00e7\u00e3o dos seus dados ser\u00e1 de, no m\u00e1ximo, 20 dias \u00fateis. <\/span><\/p>\n<h4 class=\"titulo-nunito\">9. ALTERA\u00c7\u00d5ES AO AVISO DE PRIVACIDADE<\/h4>\n<p>Este aviso de privacidade pode ser modificado, alterado ou atualizado devido a novos requisitos legais, \u00e0s nossas pr\u00f3prias necessidades relacionadas aos produtos ou servi\u00e7os que oferecemos, \u00e0s nossas pr\u00e1ticas de privacidade, a mudan\u00e7as no nosso modelo de neg\u00f3cios ou por outros motivos. Nos comprometemos a mant\u00ea-lo informado sobre quaisquer altera\u00e7\u00f5es que esse aviso de privacidade possa sofrer. No entanto, voc\u00ea pode solicitar informa\u00e7\u00f5es sobre eventuais altera\u00e7\u00f5es por meio dos formul\u00e1rios dispon\u00edveis em: <br \/> <a href=\"https:\/\/serviap.com\/aviso-de-privacidad\/\">https:\/\/serviap.com\/aviso-de-privacidad\/<\/a>  <\/p>\n<p><strong>\u00daltima atualiza\u00e7\u00e3o:<\/strong> <span data-sheets-root=\"1\">28 de Febrero 202<\/span>5<\/p>\n\t\t\t\t\t\t\t\t<\/div>\n\t\t\t\t<\/div>\n\t\t\t\t\t<\/div>\n\t\t\t\t<\/div>\n\t\t\t\t<\/div>\n\t\t","protected":false},"excerpt":{"rendered":"<p>AVISO DE PRIVACIDADE Em conformidade com a obriga\u00e7\u00e3o de proteger informa\u00e7\u00f5es e dados pessoais, e com fundamento nos artigos 3(I), 8, 12, 15, 16 e demais dispositivos aplic\u00e1veis da Lei Federal de Prote\u00e7\u00e3o de Dados Pessoais em Posse de Particulares, a EMPRESA disponibiliza o presente Aviso de Privacidade. 1. IDENTIDADE E ENDERE\u00c7O DO RESPONS\u00c1VEL PELA [&hellip;]<\/p>\n","protected":false},"author":1,"featured_media":0,"parent":0,"menu_order":0,"comment_status":"closed","ping_status":"closed","template":"","meta":{"_acf_changed":false,"_seopress_robots_primary_cat":"","_seopress_titles_title":"","_seopress_titles_desc":"","_seopress_robots_index":"","content-type":"","footnotes":""},"class_list":["post-26333","page","type-page","status-publish","hentry"],"acf":[],"_links":{"self":[{"href":"https:\/\/www.serviaplogistics.com\/pt-br\/wp-json\/wp\/v2\/pages\/26333","targetHints":{"allow":["GET"]}}],"collection":[{"href":"https:\/\/www.serviaplogistics.com\/pt-br\/wp-json\/wp\/v2\/pages"}],"about":[{"href":"https:\/\/www.serviaplogistics.com\/pt-br\/wp-json\/wp\/v2\/types\/page"}],"author":[{"embeddable":true,"href":"https:\/\/www.serviaplogistics.com\/pt-br\/wp-json\/wp\/v2\/users\/1"}],"replies":[{"embeddable":true,"href":"https:\/\/www.serviaplogistics.com\/pt-br\/wp-json\/wp\/v2\/comments?post=26333"}],"version-history":[{"count":0,"href":"https:\/\/www.serviaplogistics.com\/pt-br\/wp-json\/wp\/v2\/pages\/26333\/revisions"}],"wp:attachment":[{"href":"https:\/\/www.serviaplogistics.com\/pt-br\/wp-json\/wp\/v2\/media?parent=26333"}],"curies":[{"name":"wp","href":"https:\/\/api.w.org\/{rel}","templated":true}]}}