{"id":12574,"date":"2024-09-26T18:04:00","date_gmt":"2024-09-26T18:04:00","guid":{"rendered":"https:\/\/brouo.com.mx\/serviap\/product\/tb-mini\/"},"modified":"2025-04-07T19:02:40","modified_gmt":"2025-04-07T19:02:40","slug":"tb-mini","status":"publish","type":"product","link":"https:\/\/www.serviaplogistics.com\/pt-br\/product\/tb-mini\/","title":{"rendered":"TB MINI"},"content":{"rendered":"<p><span data-sheets-root=\"1\">Oferece o dobro da prote\u00e7\u00e3o com seu design de dois tubos, oferecendo defesa superior contra colis\u00f5es com material rodante leve, como porta-paletes e cont\u00eaineres. Sua resist\u00eancia garante que seus equipamentos e infraestrutura estejam seguros. <\/span><\/p>\n","protected":false},"excerpt":{"rendered":"<div class=\"space\"><strong><span class=\"tl1\">Resist\u00eancia ao impacto<\/span> <\/strong><span class=\"kj\" data-sheets-root=\"1\">5 kJ<\/span><\/div>\n<div class=\"space\">\n            <strong>Proteja m\u00e1quinas, equipamentos, infraestrutura e mercadorias em porta-paletes.<\/strong>\n          <\/div>\n<div class=\"space\">\n            <span data-sheets-root=\"1\">A <strong>FLEX IMPACT\u00ae TB MINI<\/strong> \u00e9 a menor vers\u00e3o da nossa linha de barreiras de tr\u00e1fego, projetada para uso em situa\u00e7\u00f5es em que h\u00e1 risco de colis\u00e3o com material rodante leve. Essa barreira consiste em um \u00fanico tubo que fica logo acima do solo. Embora seja leve, ela tamb\u00e9m resiste bem a pequenos ve\u00edculos. A TB MINI \u00e9 r\u00e1pida e f\u00e1cil de instalar.   <\/span>\n          <\/div>\n","protected":false},"featured_media":11850,"template":"","meta":{"_acf_changed":false,"_seopress_robots_primary_cat":"none","_seopress_titles_title":"","_seopress_titles_desc":"","_seopress_robots_index":"","content-type":""},"product_brand":[],"product_cat":[74,73],"product_tag":[],"class_list":{"0":"post-12574","1":"product","2":"type-product","3":"status-publish","4":"has-post-thumbnail","6":"product_cat-barreiras-de-trafego","7":"product_cat-solucoes-de-seguranca","9":"first","10":"instock","11":"shipping-taxable","12":"product-type-simple"},"acf":[],"_links":{"self":[{"href":"https:\/\/www.serviaplogistics.com\/pt-br\/wp-json\/wp\/v2\/product\/12574","targetHints":{"allow":["GET"]}}],"collection":[{"href":"https:\/\/www.serviaplogistics.com\/pt-br\/wp-json\/wp\/v2\/product"}],"about":[{"href":"https:\/\/www.serviaplogistics.com\/pt-br\/wp-json\/wp\/v2\/types\/product"}],"wp:featuredmedia":[{"embeddable":true,"href":"https:\/\/www.serviaplogistics.com\/pt-br\/wp-json\/wp\/v2\/media\/11850"}],"wp:attachment":[{"href":"https:\/\/www.serviaplogistics.com\/pt-br\/wp-json\/wp\/v2\/media?parent=12574"}],"wp:term":[{"taxonomy":"product_brand","embeddable":true,"href":"https:\/\/www.serviaplogistics.com\/pt-br\/wp-json\/wp\/v2\/product_brand?post=12574"},{"taxonomy":"product_cat","embeddable":true,"href":"https:\/\/www.serviaplogistics.com\/pt-br\/wp-json\/wp\/v2\/product_cat?post=12574"},{"taxonomy":"product_tag","embeddable":true,"href":"https:\/\/www.serviaplogistics.com\/pt-br\/wp-json\/wp\/v2\/product_tag?post=12574"}],"curies":[{"name":"wp","href":"https:\/\/api.w.org\/{rel}","templated":true}]}}