{"id":12578,"date":"2024-10-03T20:22:46","date_gmt":"2024-10-03T20:22:46","guid":{"rendered":"https:\/\/brouo.com.mx\/serviap\/product\/teddy-pro-fr28\/"},"modified":"2025-04-03T21:17:52","modified_gmt":"2025-04-03T21:17:52","slug":"teddy-pro-fr28","status":"publish","type":"product","link":"https:\/\/www.serviaplogistics.com\/pt-br\/product\/teddy-pro-fr28\/","title":{"rendered":"TEDDY PRO FR28"},"content":{"rendered":"<p><span data-sheets-root=\"1\">Ideal para zonas de produ\u00e7\u00e3o, amortecendo impactos e protegendo cantos e bordas afiadas de poss\u00edveis danos.<\/span><\/p>\n","protected":false},"excerpt":{"rendered":"<p><span style=\"font-size: 21px;\"><strong>Proteger as pessoas e a infraestrutura<\/strong><\/span><\/p>\n<div class=\"space\"><span style=\"font-size: 18px;\" data-sheets-root=\"1\"><strong>O TEDDY PRO FR28<\/strong> \u00e9 um perfil de prote\u00e7\u00e3o redondo com uma base plana. Para fix\u00e1-lo em superf\u00edcies planas, remova a pel\u00edcula e pressione o perfil firmemente contra a superf\u00edcie. <\/span><\/div>\n","protected":false},"featured_media":12455,"template":"","meta":{"_acf_changed":false,"_seopress_robots_primary_cat":"none","_seopress_titles_title":"","_seopress_titles_desc":"","_seopress_robots_index":"","content-type":""},"product_brand":[],"product_cat":[75],"product_tag":[],"class_list":{"0":"post-12578","1":"product","2":"type-product","3":"status-publish","4":"has-post-thumbnail","6":"product_cat-espumas-de-protecao","8":"first","9":"instock","10":"shipping-taxable","11":"product-type-simple"},"acf":[],"_links":{"self":[{"href":"https:\/\/www.serviaplogistics.com\/pt-br\/wp-json\/wp\/v2\/product\/12578","targetHints":{"allow":["GET"]}}],"collection":[{"href":"https:\/\/www.serviaplogistics.com\/pt-br\/wp-json\/wp\/v2\/product"}],"about":[{"href":"https:\/\/www.serviaplogistics.com\/pt-br\/wp-json\/wp\/v2\/types\/product"}],"wp:featuredmedia":[{"embeddable":true,"href":"https:\/\/www.serviaplogistics.com\/pt-br\/wp-json\/wp\/v2\/media\/12455"}],"wp:attachment":[{"href":"https:\/\/www.serviaplogistics.com\/pt-br\/wp-json\/wp\/v2\/media?parent=12578"}],"wp:term":[{"taxonomy":"product_brand","embeddable":true,"href":"https:\/\/www.serviaplogistics.com\/pt-br\/wp-json\/wp\/v2\/product_brand?post=12578"},{"taxonomy":"product_cat","embeddable":true,"href":"https:\/\/www.serviaplogistics.com\/pt-br\/wp-json\/wp\/v2\/product_cat?post=12578"},{"taxonomy":"product_tag","embeddable":true,"href":"https:\/\/www.serviaplogistics.com\/pt-br\/wp-json\/wp\/v2\/product_tag?post=12578"}],"curies":[{"name":"wp","href":"https:\/\/api.w.org\/{rel}","templated":true}]}}