{"id":12582,"date":"2024-10-03T20:10:19","date_gmt":"2024-10-03T20:10:19","guid":{"rendered":"https:\/\/brouo.com.mx\/serviap\/product\/teddy-pro-ar25-ssb\/"},"modified":"2025-04-03T21:36:57","modified_gmt":"2025-04-03T21:36:57","slug":"teddy-pro-ar25-ssb","status":"publish","type":"product","link":"https:\/\/www.serviaplogistics.com\/pt-br\/product\/teddy-pro-ar25-ssb\/","title":{"rendered":"TEDDY PRO AR25 SSB"},"content":{"rendered":"<p><span data-sheets-root=\"1\">Protege cantos e bordas afiadas em superf\u00edcies dif\u00edceis, evitando danos e les\u00f5es.<\/span><\/p>\n","protected":false},"excerpt":{"rendered":"<p><span style=\"font-size: 21px;\"><strong>Proteger as pessoas e a infraestrutura<\/strong><\/span><\/p>\n<div class=\"space\"><span style=\"font-size: 18px;\" data-sheets-root=\"1\">O <strong>TEDDY PRO AR25 SSB<\/strong> \u00e9 um perfil de prote\u00e7\u00e3o redondo que se ajusta a qualquer objeto com uma inclina\u00e7\u00e3o de 90\u00b0. Ele tem uma base de a\u00e7o inoxid\u00e1vel que se ajusta a todos os tipos de superf\u00edcies com parafusos (n\u00e3o inclu\u00eddos): desde superf\u00edcies \u00famidas e impregnadas de \u00f3leo at\u00e9 tijolos, madeira e superf\u00edcies irregulares. <\/span><\/div>\n","protected":false},"featured_media":12443,"template":"","meta":{"_acf_changed":false,"_seopress_robots_primary_cat":"none","_seopress_titles_title":"","_seopress_titles_desc":"","_seopress_robots_index":"","content-type":""},"product_brand":[],"product_cat":[75],"product_tag":[],"class_list":{"0":"post-12582","1":"product","2":"type-product","3":"status-publish","4":"has-post-thumbnail","6":"product_cat-espumas-de-protecao","8":"first","9":"instock","10":"shipping-taxable","11":"product-type-simple"},"acf":[],"_links":{"self":[{"href":"https:\/\/www.serviaplogistics.com\/pt-br\/wp-json\/wp\/v2\/product\/12582","targetHints":{"allow":["GET"]}}],"collection":[{"href":"https:\/\/www.serviaplogistics.com\/pt-br\/wp-json\/wp\/v2\/product"}],"about":[{"href":"https:\/\/www.serviaplogistics.com\/pt-br\/wp-json\/wp\/v2\/types\/product"}],"wp:featuredmedia":[{"embeddable":true,"href":"https:\/\/www.serviaplogistics.com\/pt-br\/wp-json\/wp\/v2\/media\/12443"}],"wp:attachment":[{"href":"https:\/\/www.serviaplogistics.com\/pt-br\/wp-json\/wp\/v2\/media?parent=12582"}],"wp:term":[{"taxonomy":"product_brand","embeddable":true,"href":"https:\/\/www.serviaplogistics.com\/pt-br\/wp-json\/wp\/v2\/product_brand?post=12582"},{"taxonomy":"product_cat","embeddable":true,"href":"https:\/\/www.serviaplogistics.com\/pt-br\/wp-json\/wp\/v2\/product_cat?post=12582"},{"taxonomy":"product_tag","embeddable":true,"href":"https:\/\/www.serviaplogistics.com\/pt-br\/wp-json\/wp\/v2\/product_tag?post=12582"}],"curies":[{"name":"wp","href":"https:\/\/api.w.org\/{rel}","templated":true}]}}