{"id":12594,"date":"2024-10-03T19:42:33","date_gmt":"2024-10-03T19:42:33","guid":{"rendered":"https:\/\/brouo.com.mx\/serviap\/product\/teddy-pro-eu19\/"},"modified":"2025-04-03T21:54:02","modified_gmt":"2025-04-03T21:54:02","slug":"teddy-pro-eu19","status":"publish","type":"product","link":"https:\/\/www.serviaplogistics.com\/pt-br\/product\/teddy-pro-eu19\/","title":{"rendered":"TEDDY PRO EU19"},"content":{"rendered":"<p><span data-sheets-root=\"1\">O Teddy Pro EU19 \u00e9 ideal para absorver impactos em corredores e \u00e1reas de trabalho, garantindo um ambiente seguro para os colaboradores.<\/span><\/p>\n","protected":false},"excerpt":{"rendered":"<p><span style=\"font-size: 21px;\"><strong>Proteger as pessoas e a infraestrutura<\/strong><\/span><\/p>\n<div class=\"space\"><span style=\"font-size: 18px;\" data-sheets-root=\"1\">O <strong>TEDDY PRO EU19<\/strong> \u00e9 um perfil de prote\u00e7\u00e3o em forma de U com uma abertura de 8 mm e 18 mm.<\/span><\/div>\n","protected":false},"featured_media":12423,"template":"","meta":{"_acf_changed":false,"_seopress_robots_primary_cat":"none","_seopress_titles_title":"","_seopress_titles_desc":"","_seopress_robots_index":"","content-type":""},"product_brand":[],"product_cat":[75],"product_tag":[],"class_list":{"0":"post-12594","1":"product","2":"type-product","3":"status-publish","4":"has-post-thumbnail","6":"product_cat-espumas-de-protecao","8":"first","9":"instock","10":"shipping-taxable","11":"product-type-simple"},"acf":[],"_links":{"self":[{"href":"https:\/\/www.serviaplogistics.com\/pt-br\/wp-json\/wp\/v2\/product\/12594","targetHints":{"allow":["GET"]}}],"collection":[{"href":"https:\/\/www.serviaplogistics.com\/pt-br\/wp-json\/wp\/v2\/product"}],"about":[{"href":"https:\/\/www.serviaplogistics.com\/pt-br\/wp-json\/wp\/v2\/types\/product"}],"wp:featuredmedia":[{"embeddable":true,"href":"https:\/\/www.serviaplogistics.com\/pt-br\/wp-json\/wp\/v2\/media\/12423"}],"wp:attachment":[{"href":"https:\/\/www.serviaplogistics.com\/pt-br\/wp-json\/wp\/v2\/media?parent=12594"}],"wp:term":[{"taxonomy":"product_brand","embeddable":true,"href":"https:\/\/www.serviaplogistics.com\/pt-br\/wp-json\/wp\/v2\/product_brand?post=12594"},{"taxonomy":"product_cat","embeddable":true,"href":"https:\/\/www.serviaplogistics.com\/pt-br\/wp-json\/wp\/v2\/product_cat?post=12594"},{"taxonomy":"product_tag","embeddable":true,"href":"https:\/\/www.serviaplogistics.com\/pt-br\/wp-json\/wp\/v2\/product_tag?post=12594"}],"curies":[{"name":"wp","href":"https:\/\/api.w.org\/{rel}","templated":true}]}}