{"id":12595,"date":"2024-10-03T19:20:00","date_gmt":"2024-10-03T19:20:00","guid":{"rendered":"https:\/\/brouo.com.mx\/serviap\/product\/teddy-pro-ev35\/"},"modified":"2025-04-03T21:56:50","modified_gmt":"2025-04-03T21:56:50","slug":"teddy-pro-ev35","status":"publish","type":"product","link":"https:\/\/www.serviaplogistics.com\/pt-br\/product\/teddy-pro-ev35\/","title":{"rendered":"TEDDY PRO EV35"},"content":{"rendered":"<p><span data-sheets-root=\"1\">O Teddy Pro EV35 oferece prote\u00e7\u00e3o superior em \u00e1reas de alto risco, ideal para corredores e zonas de produ\u00e7\u00e3o.<\/span><\/p>\n","protected":false},"excerpt":{"rendered":"<p><span style=\"font-size: 21px;\"><strong>Proteger as pessoas e a infraestrutura<\/strong><\/span><\/p>\n<div class=\"space\"><span style=\"font-size: 18px;\" data-sheets-root=\"1\">O <strong>TEDDY PRO EV35<\/strong> \u00e9 um protetor de canto grande que se adapta a qualquer objeto com um \u00e2ngulo de 90\u00b0.<\/span><\/div>\n","protected":false},"featured_media":12415,"template":"","meta":{"_acf_changed":false,"_seopress_robots_primary_cat":"none","_seopress_titles_title":"","_seopress_titles_desc":"","_seopress_robots_index":"","content-type":""},"product_brand":[],"product_cat":[75],"product_tag":[],"class_list":{"0":"post-12595","1":"product","2":"type-product","3":"status-publish","4":"has-post-thumbnail","6":"product_cat-espumas-de-protecao","8":"first","9":"instock","10":"shipping-taxable","11":"product-type-simple"},"acf":[],"_links":{"self":[{"href":"https:\/\/www.serviaplogistics.com\/pt-br\/wp-json\/wp\/v2\/product\/12595","targetHints":{"allow":["GET"]}}],"collection":[{"href":"https:\/\/www.serviaplogistics.com\/pt-br\/wp-json\/wp\/v2\/product"}],"about":[{"href":"https:\/\/www.serviaplogistics.com\/pt-br\/wp-json\/wp\/v2\/types\/product"}],"wp:featuredmedia":[{"embeddable":true,"href":"https:\/\/www.serviaplogistics.com\/pt-br\/wp-json\/wp\/v2\/media\/12415"}],"wp:attachment":[{"href":"https:\/\/www.serviaplogistics.com\/pt-br\/wp-json\/wp\/v2\/media?parent=12595"}],"wp:term":[{"taxonomy":"product_brand","embeddable":true,"href":"https:\/\/www.serviaplogistics.com\/pt-br\/wp-json\/wp\/v2\/product_brand?post=12595"},{"taxonomy":"product_cat","embeddable":true,"href":"https:\/\/www.serviaplogistics.com\/pt-br\/wp-json\/wp\/v2\/product_cat?post=12595"},{"taxonomy":"product_tag","embeddable":true,"href":"https:\/\/www.serviaplogistics.com\/pt-br\/wp-json\/wp\/v2\/product_tag?post=12595"}],"curies":[{"name":"wp","href":"https:\/\/api.w.org\/{rel}","templated":true}]}}