{"id":12614,"date":"2024-09-26T18:38:29","date_gmt":"2024-09-26T18:38:29","guid":{"rendered":"https:\/\/brouo.com.mx\/serviap\/product\/tb-mini-double\/"},"modified":"2025-04-07T18:58:32","modified_gmt":"2025-04-07T18:58:32","slug":"tb-mini-double","status":"publish","type":"product","link":"https:\/\/www.serviaplogistics.com\/pt-br\/product\/tb-mini-double\/","title":{"rendered":"TB MINI DOUBLE"},"content":{"rendered":"<p><span data-sheets-root=\"1\">Proporciona el doble de protecci\u00f3n con su dise\u00f1o de dos tubos, ofreciendo una defensa superior contra colisiones con material rodante ligero, como transpaletas y contenedores. Su resistencia asegura que tus equipos e infraestructuras est\u00e9n seguros. <\/span><\/p>\n","protected":false},"excerpt":{"rendered":"<div class=\"space\"><span class=\"tl1\">Resist\u00eancia ao impacto<\/span> <span class=\"kj\" data-sheets-root=\"1\">21,2 kJ<\/span><\/div>\n<div class=\"space\">\n            <strong>Proteja a personas, infraestructuras, maquinaria y mercanc\u00edas de las carretillas elevadoras.<\/strong>\n          <\/div>\n<div class=\"space\">\n            <span data-sheets-root=\"1\">A barreira de tr\u00e2nsito <strong>TB MINI DOUBLE<\/strong> possui uma semelhan\u00e7a em seu design, por\u00e9m possui um segundo tubo para maior prote\u00e7\u00e3o. O TB MINI DOUBLE foi projetado para proteger contra material circulante leve, como cont\u00eaineres com rodas, porta-paletes e carrinhos.<br \/>\n<\/span>\n          <\/div>\n","protected":false},"featured_media":11854,"template":"","meta":{"_acf_changed":false,"_seopress_robots_primary_cat":"none","_seopress_titles_title":"","_seopress_titles_desc":"","_seopress_robots_index":"","content-type":""},"product_brand":[],"product_cat":[74,73],"product_tag":[],"class_list":{"0":"post-12614","1":"product","2":"type-product","3":"status-publish","4":"has-post-thumbnail","6":"product_cat-barreiras-de-trafego","7":"product_cat-solucoes-de-seguranca","9":"first","10":"instock","11":"shipping-taxable","12":"product-type-simple"},"acf":[],"_links":{"self":[{"href":"https:\/\/www.serviaplogistics.com\/pt-br\/wp-json\/wp\/v2\/product\/12614","targetHints":{"allow":["GET"]}}],"collection":[{"href":"https:\/\/www.serviaplogistics.com\/pt-br\/wp-json\/wp\/v2\/product"}],"about":[{"href":"https:\/\/www.serviaplogistics.com\/pt-br\/wp-json\/wp\/v2\/types\/product"}],"wp:featuredmedia":[{"embeddable":true,"href":"https:\/\/www.serviaplogistics.com\/pt-br\/wp-json\/wp\/v2\/media\/11854"}],"wp:attachment":[{"href":"https:\/\/www.serviaplogistics.com\/pt-br\/wp-json\/wp\/v2\/media?parent=12614"}],"wp:term":[{"taxonomy":"product_brand","embeddable":true,"href":"https:\/\/www.serviaplogistics.com\/pt-br\/wp-json\/wp\/v2\/product_brand?post=12614"},{"taxonomy":"product_cat","embeddable":true,"href":"https:\/\/www.serviaplogistics.com\/pt-br\/wp-json\/wp\/v2\/product_cat?post=12614"},{"taxonomy":"product_tag","embeddable":true,"href":"https:\/\/www.serviaplogistics.com\/pt-br\/wp-json\/wp\/v2\/product_tag?post=12614"}],"curies":[{"name":"wp","href":"https:\/\/api.w.org\/{rel}","templated":true}]}}