{"id":12616,"date":"2024-09-26T19:00:30","date_gmt":"2024-09-26T19:00:30","guid":{"rendered":"https:\/\/brouo.com.mx\/serviap\/product\/tb-260\/"},"modified":"2025-04-24T21:31:11","modified_gmt":"2025-04-24T21:31:11","slug":"tb-260","status":"publish","type":"product","link":"https:\/\/www.serviaplogistics.com\/pt-br\/product\/tb-260\/","title":{"rendered":"TB 260"},"content":{"rendered":"<p><span data-sheets-root=\"1\">Oferece uma prote\u00e7\u00e3o robusta contra colis\u00f5es de ve\u00edculos de baixa altura, como empilhadeiras. Seu design baixo previne deslizamentos de mercadorias, protegendo equipamentos e infraestruturas. <\/span><\/p>\n","protected":false},"excerpt":{"rendered":"\n<div class=\"space\"><span class=\"tl1\">Resist\u00eancia ao impacto<\/span> <span class=\"kj\" data-sheets-root=\"1\">21,2 kJ<\/span><\/div>\n<div class=\"space\">\n            <strong>Proteja las infraestructuras, maquinaria y mercanc\u00edas de las carretillas elevadoras.<\/strong>\n          <\/div>\n<div class=\"space\">\n            <span data-sheets-root=\"1\">A barreira de tr\u00e1fego <strong>FLEX IMPACT\u00ae TB 260 <\/strong>oferece prote\u00e7\u00e3o eficaz contra impactos de ve\u00edculos com pouca dist\u00e2ncia livre. A barreira de tr\u00e1fego TB 260 \u00e9 id\u00eantica \u00e0 nossa barreira de tr\u00e1fego TB 400, mas \u00e9 mais baixa. A alta gravidade do centro de gravidade proporciona maior resist\u00eancia e prote\u00e7\u00e3o contra danos causados \u200b\u200bpelo trabalho das empilhadeiras. O tubo baixo tamb\u00e9m evita o abaixamento de mercadorias ou paletes, o que causa danos a m\u00e1quinas ou equipamentos.   <\/span>\n          <\/div>\n","protected":false},"featured_media":11868,"template":"","meta":{"_acf_changed":false,"_seopress_robots_primary_cat":"none","_seopress_titles_title":"","_seopress_titles_desc":"","_seopress_robots_index":"","content-type":""},"product_brand":[],"product_cat":[74,73],"product_tag":[],"class_list":{"0":"post-12616","1":"product","2":"type-product","3":"status-publish","4":"has-post-thumbnail","6":"product_cat-barreiras-de-trafego","7":"product_cat-solucoes-de-seguranca","9":"first","10":"instock","11":"shipping-taxable","12":"product-type-simple"},"acf":[],"_links":{"self":[{"href":"https:\/\/www.serviaplogistics.com\/pt-br\/wp-json\/wp\/v2\/product\/12616","targetHints":{"allow":["GET"]}}],"collection":[{"href":"https:\/\/www.serviaplogistics.com\/pt-br\/wp-json\/wp\/v2\/product"}],"about":[{"href":"https:\/\/www.serviaplogistics.com\/pt-br\/wp-json\/wp\/v2\/types\/product"}],"wp:featuredmedia":[{"embeddable":true,"href":"https:\/\/www.serviaplogistics.com\/pt-br\/wp-json\/wp\/v2\/media\/11868"}],"wp:attachment":[{"href":"https:\/\/www.serviaplogistics.com\/pt-br\/wp-json\/wp\/v2\/media?parent=12616"}],"wp:term":[{"taxonomy":"product_brand","embeddable":true,"href":"https:\/\/www.serviaplogistics.com\/pt-br\/wp-json\/wp\/v2\/product_brand?post=12616"},{"taxonomy":"product_cat","embeddable":true,"href":"https:\/\/www.serviaplogistics.com\/pt-br\/wp-json\/wp\/v2\/product_cat?post=12616"},{"taxonomy":"product_tag","embeddable":true,"href":"https:\/\/www.serviaplogistics.com\/pt-br\/wp-json\/wp\/v2\/product_tag?post=12616"}],"curies":[{"name":"wp","href":"https:\/\/api.w.org\/{rel}","templated":true}]}}