{"id":12618,"date":"2024-09-26T19:39:27","date_gmt":"2024-09-26T19:39:27","guid":{"rendered":"https:\/\/brouo.com.mx\/serviap\/product\/tb-260-plus\/"},"modified":"2025-04-24T21:31:01","modified_gmt":"2025-04-24T21:31:01","slug":"tb-260-plus","status":"publish","type":"product","link":"https:\/\/www.serviaplogistics.com\/pt-br\/product\/tb-260-plus\/","title":{"rendered":"TB 260 PLUS"},"content":{"rendered":"<p><span data-sheets-root=\"1\">Prote\u00e7\u00e3o s\u00f3lida contra colis\u00f5es de empilhadeiras com um duplo corrim\u00e3o que melhora a seguran\u00e7a dos pedestres. Seu design baixo previne deslizamentos de mercadorias, oferecendo resist\u00eancia adicional e prote\u00e7\u00e3o integral para infraestruturas e equipamentos. <\/span><\/p>\n","protected":false},"excerpt":{"rendered":"\n<div class=\"space\"><span class=\"tl1\">Resist\u00eancia ao impacto<\/span> <span class=\"kj\" data-sheets-root=\"1\">21,2 kJ<\/span><\/div>\n<div class=\"space\">\n            <span style=\"font-size: 21px;\"><br \/>\n              <strong>Proteja las infraestructuras, maquinaria y mercanc\u00edas de las carretillas elevadoras.<\/strong><br \/>\n            <\/span>\n          <\/div>\n<div class=\"space\">\n            <span data-sheets-root=\"1\"><br \/>\n              <span style=\"font-size: 18px;\">A <strong>barreira de tr\u00e1fego FLEX IMPACT\u00ae TB 260 PLUS<\/strong> tem um tubo de prote\u00e7\u00e3o logo acima do piso, o que evita que mercadorias ou paletes deslizem por baixo dela, enquanto o corrim\u00e3o duplo oferece seguran\u00e7a adicional aos pedestres. O alto grau de gravidade confere a esse tipo de prote\u00e7\u00e3o uma resist\u00eancia adicional. <\/span><\/p>\n<p>            <\/span>\n          <\/div>\n","protected":false},"featured_media":11874,"template":"","meta":{"_acf_changed":false,"_seopress_robots_primary_cat":"none","_seopress_titles_title":"","_seopress_titles_desc":"","_seopress_robots_index":"","content-type":""},"product_brand":[],"product_cat":[74,73],"product_tag":[],"class_list":{"0":"post-12618","1":"product","2":"type-product","3":"status-publish","4":"has-post-thumbnail","6":"product_cat-barreiras-de-trafego","7":"product_cat-solucoes-de-seguranca","9":"first","10":"instock","11":"shipping-taxable","12":"product-type-simple"},"acf":[],"_links":{"self":[{"href":"https:\/\/www.serviaplogistics.com\/pt-br\/wp-json\/wp\/v2\/product\/12618","targetHints":{"allow":["GET"]}}],"collection":[{"href":"https:\/\/www.serviaplogistics.com\/pt-br\/wp-json\/wp\/v2\/product"}],"about":[{"href":"https:\/\/www.serviaplogistics.com\/pt-br\/wp-json\/wp\/v2\/types\/product"}],"wp:featuredmedia":[{"embeddable":true,"href":"https:\/\/www.serviaplogistics.com\/pt-br\/wp-json\/wp\/v2\/media\/11874"}],"wp:attachment":[{"href":"https:\/\/www.serviaplogistics.com\/pt-br\/wp-json\/wp\/v2\/media?parent=12618"}],"wp:term":[{"taxonomy":"product_brand","embeddable":true,"href":"https:\/\/www.serviaplogistics.com\/pt-br\/wp-json\/wp\/v2\/product_brand?post=12618"},{"taxonomy":"product_cat","embeddable":true,"href":"https:\/\/www.serviaplogistics.com\/pt-br\/wp-json\/wp\/v2\/product_cat?post=12618"},{"taxonomy":"product_tag","embeddable":true,"href":"https:\/\/www.serviaplogistics.com\/pt-br\/wp-json\/wp\/v2\/product_tag?post=12618"}],"curies":[{"name":"wp","href":"https:\/\/api.w.org\/{rel}","templated":true}]}}