{"id":12619,"date":"2024-09-26T19:44:24","date_gmt":"2024-09-26T19:44:24","guid":{"rendered":"https:\/\/brouo.com.mx\/serviap\/product\/tb-260-grill\/"},"modified":"2025-04-24T21:24:29","modified_gmt":"2025-04-24T21:24:29","slug":"tb-260-grill","status":"publish","type":"product","link":"https:\/\/www.serviaplogistics.com\/pt-br\/product\/tb-260-grill\/","title":{"rendered":"TB 260 GRILL"},"content":{"rendered":"<p><span data-sheets-root=\"1\">Oferece prote\u00e7\u00e3o integral, protegendo tanto a parte superior quanto a inferior dos pedestres. Seu design evita colis\u00f5es com empilhadeiras e deslizamentos de mercadorias, enquanto os trilhos superiores protegem contra a queda de objetos, garantindo seguran\u00e7a total em \u00e1reas de alto risco. <\/span><\/p>\n","protected":false},"excerpt":{"rendered":"\n<div class=\"space\"><strong><span class=\"tl1\">Resist\u00eancia ao impacto<\/span><\/strong> <span class=\"kj\" data-sheets-root=\"1\">21,2 kJ<\/span><\/div>\n<div class=\"space\">\n            <span style=\"font-size: 21px;\"><br \/>\n              <strong>Proteja las infraestructuras, maquinaria y mercanc\u00edas de las carretillas elevadoras.<\/strong><br \/>\n            <\/span>\n          <\/div>\n<div class=\"space\">\n            <span style=\"font-size: 18px;\" data-sheets-root=\"1\">A barreira de tr\u00e2nsito <strong>TB 260 GRILL<\/strong> protege a parte superior e inferior dos pedestres pela barreira de tr\u00e2nsito TB 260 GRILL. O tubo \u00fanico na parte inferior minimiza a colis\u00e3o com empilhadeiras e a destrui\u00e7\u00e3o de itens ou paletes abaixo da barreira, enquanto os trilhos fornecem prote\u00e7\u00e3o adicional contra a queda de mercadorias. A dist\u00e2ncia entre as ra\u00edzes \u00e9 de 275 mm.  <\/span>\n          <\/div>\n","protected":false},"featured_media":11880,"template":"","meta":{"_acf_changed":false,"_seopress_robots_primary_cat":"none","_seopress_titles_title":"","_seopress_titles_desc":"","_seopress_robots_index":"","content-type":""},"product_brand":[],"product_cat":[74,73],"product_tag":[],"class_list":{"0":"post-12619","1":"product","2":"type-product","3":"status-publish","4":"has-post-thumbnail","6":"product_cat-barreiras-de-trafego","7":"product_cat-solucoes-de-seguranca","9":"first","10":"instock","11":"shipping-taxable","12":"product-type-simple"},"acf":[],"_links":{"self":[{"href":"https:\/\/www.serviaplogistics.com\/pt-br\/wp-json\/wp\/v2\/product\/12619","targetHints":{"allow":["GET"]}}],"collection":[{"href":"https:\/\/www.serviaplogistics.com\/pt-br\/wp-json\/wp\/v2\/product"}],"about":[{"href":"https:\/\/www.serviaplogistics.com\/pt-br\/wp-json\/wp\/v2\/types\/product"}],"wp:featuredmedia":[{"embeddable":true,"href":"https:\/\/www.serviaplogistics.com\/pt-br\/wp-json\/wp\/v2\/media\/11880"}],"wp:attachment":[{"href":"https:\/\/www.serviaplogistics.com\/pt-br\/wp-json\/wp\/v2\/media?parent=12619"}],"wp:term":[{"taxonomy":"product_brand","embeddable":true,"href":"https:\/\/www.serviaplogistics.com\/pt-br\/wp-json\/wp\/v2\/product_brand?post=12619"},{"taxonomy":"product_cat","embeddable":true,"href":"https:\/\/www.serviaplogistics.com\/pt-br\/wp-json\/wp\/v2\/product_cat?post=12619"},{"taxonomy":"product_tag","embeddable":true,"href":"https:\/\/www.serviaplogistics.com\/pt-br\/wp-json\/wp\/v2\/product_tag?post=12619"}],"curies":[{"name":"wp","href":"https:\/\/api.w.org\/{rel}","templated":true}]}}