{"id":12625,"date":"2024-09-26T20:34:09","date_gmt":"2024-09-26T20:34:09","guid":{"rendered":"https:\/\/brouo.com.mx\/serviap\/product\/tb-400-plus-fence\/"},"modified":"2025-04-07T17:36:16","modified_gmt":"2025-04-07T17:36:16","slug":"tb-400-plus-fence","status":"publish","type":"product","link":"https:\/\/www.serviaplogistics.com\/pt-br\/product\/tb-400-plus-fence\/","title":{"rendered":"TB 400 PLUS FENCE"},"content":{"rendered":"<p>A TB 400 Plus Fence adiciona uma grade refor\u00e7ada, ideal para \u00e1reas com risco de colis\u00f5es.<\/p>\n","protected":false},"excerpt":{"rendered":"<div class=\"space\"><span class=\"tl1\">Impact resistance <\/span><span class=\"kj\" data-sheets-root=\"1\">20.1 kJ<\/span><\/div>\n<div class=\"space\">\n            <span style=\"font-size: 21px;\"><br \/>\n              <strong>Proteja pessoas, m\u00e1quinas, infraestruturas, mercadorias de carrinhos, elevadores e m\u00e1quinas.<\/strong><br \/>\n            <\/span>\n          <\/div>\n<div class=\"space\">\n            <span style=\"font-size: 18px;\" data-sheets-root=\"1\">A <strong>barreira de tr\u00e1fego FLEX IMPACT\u00ae TB 400 PLUS FENCE<\/strong> apresenta as mesmas caracter\u00edsticas de absor\u00e7\u00e3o de impactos que a TB 400. No entanto, integra uma valla. O tubo do TB 400 oferece excelente prote\u00e7\u00e3o em situa\u00e7\u00f5es de risco de colis\u00e3o com ve\u00edculos, como carrinhos elevadores. A estrutura interna \u00e9 composta por um pol\u00edmero refor\u00e7ado com fibra de vidro, o que garante a prote\u00e7\u00e3o das \u00e1reas com m\u00e1quinas.   <\/span>\n          <\/div>\n","protected":false},"featured_media":11912,"template":"","meta":{"_acf_changed":false,"_seopress_robots_primary_cat":"none","_seopress_titles_title":"","_seopress_titles_desc":"","_seopress_robots_index":"","content-type":""},"product_brand":[],"product_cat":[74,73],"product_tag":[],"class_list":{"0":"post-12625","1":"product","2":"type-product","3":"status-publish","4":"has-post-thumbnail","6":"product_cat-barreiras-de-trafego","7":"product_cat-solucoes-de-seguranca","9":"first","10":"instock","11":"shipping-taxable","12":"product-type-simple"},"acf":[],"_links":{"self":[{"href":"https:\/\/www.serviaplogistics.com\/pt-br\/wp-json\/wp\/v2\/product\/12625","targetHints":{"allow":["GET"]}}],"collection":[{"href":"https:\/\/www.serviaplogistics.com\/pt-br\/wp-json\/wp\/v2\/product"}],"about":[{"href":"https:\/\/www.serviaplogistics.com\/pt-br\/wp-json\/wp\/v2\/types\/product"}],"wp:featuredmedia":[{"embeddable":true,"href":"https:\/\/www.serviaplogistics.com\/pt-br\/wp-json\/wp\/v2\/media\/11912"}],"wp:attachment":[{"href":"https:\/\/www.serviaplogistics.com\/pt-br\/wp-json\/wp\/v2\/media?parent=12625"}],"wp:term":[{"taxonomy":"product_brand","embeddable":true,"href":"https:\/\/www.serviaplogistics.com\/pt-br\/wp-json\/wp\/v2\/product_brand?post=12625"},{"taxonomy":"product_cat","embeddable":true,"href":"https:\/\/www.serviaplogistics.com\/pt-br\/wp-json\/wp\/v2\/product_cat?post=12625"},{"taxonomy":"product_tag","embeddable":true,"href":"https:\/\/www.serviaplogistics.com\/pt-br\/wp-json\/wp\/v2\/product_tag?post=12625"}],"curies":[{"name":"wp","href":"https:\/\/api.w.org\/{rel}","templated":true}]}}