{"id":12627,"date":"2024-09-26T20:42:43","date_gmt":"2024-09-26T20:42:43","guid":{"rendered":"https:\/\/brouo.com.mx\/serviap\/product\/tb-400-grill\/"},"modified":"2025-04-07T17:03:01","modified_gmt":"2025-04-07T17:03:01","slug":"tb-400-grill","status":"publish","type":"product","link":"https:\/\/www.serviaplogistics.com\/pt-br\/product\/tb-400-grill\/","title":{"rendered":"TB 400 GRILL"},"content":{"rendered":"<p><span data-sheets-root=\"1\">Protege contra colis\u00f5es e queda de mercadorias, oferecendo uma seguran\u00e7a robusta em \u00e1reas de armazenamento.<\/span><\/p>\n","protected":false},"excerpt":{"rendered":"<div class=\"space\"><span class=\"tl1\">Impact resistance <\/span><span class=\"kj\" data-sheets-root=\"1\">20.1 kJ<\/span><\/div>\n<div class=\"space\">\n            <strong>Protect people, machinery, infrastructure, and products from falling cargo and forklifts.<\/strong>\n          <\/div>\n<div class=\"space\">\n            <span data-sheets-root=\"1\">A <strong>barreira de tr\u00e1fego FLEX IMPACT\u00ae TB 400 GRILL<\/strong> de tubo \u00fanico protege indiv\u00edduos de impactos causados \u200b\u200bpor empilhadeiras e queda de mercadorias. Dependendo do tamanho das mercadorias empilhadas, escolha um espa\u00e7amento de trilho de 275 mm ou 550 mm. A altura m\u00e1xima \u00e9 de 3350 mm.  <\/span>\n          <\/div>\n","protected":false},"featured_media":11916,"template":"","meta":{"_acf_changed":false,"_seopress_robots_primary_cat":"none","_seopress_titles_title":"","_seopress_titles_desc":"","_seopress_robots_index":"","content-type":""},"product_brand":[],"product_cat":[74,73],"product_tag":[],"class_list":{"0":"post-12627","1":"product","2":"type-product","3":"status-publish","4":"has-post-thumbnail","6":"product_cat-barreiras-de-trafego","7":"product_cat-solucoes-de-seguranca","9":"first","10":"instock","11":"shipping-taxable","12":"product-type-simple"},"acf":[],"_links":{"self":[{"href":"https:\/\/www.serviaplogistics.com\/pt-br\/wp-json\/wp\/v2\/product\/12627","targetHints":{"allow":["GET"]}}],"collection":[{"href":"https:\/\/www.serviaplogistics.com\/pt-br\/wp-json\/wp\/v2\/product"}],"about":[{"href":"https:\/\/www.serviaplogistics.com\/pt-br\/wp-json\/wp\/v2\/types\/product"}],"wp:featuredmedia":[{"embeddable":true,"href":"https:\/\/www.serviaplogistics.com\/pt-br\/wp-json\/wp\/v2\/media\/11916"}],"wp:attachment":[{"href":"https:\/\/www.serviaplogistics.com\/pt-br\/wp-json\/wp\/v2\/media?parent=12627"}],"wp:term":[{"taxonomy":"product_brand","embeddable":true,"href":"https:\/\/www.serviaplogistics.com\/pt-br\/wp-json\/wp\/v2\/product_brand?post=12627"},{"taxonomy":"product_cat","embeddable":true,"href":"https:\/\/www.serviaplogistics.com\/pt-br\/wp-json\/wp\/v2\/product_cat?post=12627"},{"taxonomy":"product_tag","embeddable":true,"href":"https:\/\/www.serviaplogistics.com\/pt-br\/wp-json\/wp\/v2\/product_tag?post=12627"}],"curies":[{"name":"wp","href":"https:\/\/api.w.org\/{rel}","templated":true}]}}