{"id":12640,"date":"2024-09-27T19:26:53","date_gmt":"2024-09-27T19:26:53","guid":{"rendered":"https:\/\/brouo.com.mx\/serviap\/product\/fe-fence\/"},"modified":"2025-04-07T15:17:54","modified_gmt":"2025-04-07T15:17:54","slug":"fe-fence","status":"publish","type":"product","link":"https:\/\/www.serviaplogistics.com\/pt-br\/product\/fe-fence\/","title":{"rendered":"FE FENCE"},"content":{"rendered":"<p><span data-sheets-root=\"1\">Atua como uma barreira de prote\u00e7\u00e3o entre pedestres e equipamentos em movimento. Com seu design robusto, esta grade proporciona uma separa\u00e7\u00e3o clara e segura, ideal para f\u00e1bricas, armaz\u00e9ns ou qualquer ambiente onde coexistem m\u00e1quinas e pessoas. <\/span><\/p>\n","protected":false},"excerpt":{"rendered":"<div class=\"space\">\n            <span style=\"font-size: 21px;\"><br \/>\n              <strong>Protege a las personas de las m\u00e1quinas<\/strong><br \/>\n            <\/span>\n          <\/div>\n<div class=\"space\">\n            <span style=\"font-size: 18px;\" data-sheets-root=\"1\">Reforce a seguran\u00e7a das m\u00e1quinas aplicando a <strong>FLEX IMPACT\u00ae FE FENCE<\/strong>. Essa barreira para pedestres foi projetada para proteger os pedestres das m\u00e1quinas, estabelecendo uma barreira f\u00edsica entre as pessoas e seus equipamentos. Ela mant\u00e9m os pedestres a uma dist\u00e2ncia segura e evita a intera\u00e7\u00e3o com uma m\u00e1quina caso eles estejam em perigo.  <\/span>\n          <\/div>\n","protected":false},"featured_media":12063,"template":"","meta":{"_acf_changed":false,"_seopress_robots_primary_cat":"none","_seopress_titles_title":"","_seopress_titles_desc":"","_seopress_robots_index":"","content-type":""},"product_brand":[],"product_cat":[76,73],"product_tag":[],"class_list":{"0":"post-12640","1":"product","2":"type-product","3":"status-publish","4":"has-post-thumbnail","6":"product_cat-barreiras-para-pedestres-corrimaos","7":"product_cat-solucoes-de-seguranca","9":"first","10":"instock","11":"shipping-taxable","12":"product-type-simple"},"acf":[],"_links":{"self":[{"href":"https:\/\/www.serviaplogistics.com\/pt-br\/wp-json\/wp\/v2\/product\/12640","targetHints":{"allow":["GET"]}}],"collection":[{"href":"https:\/\/www.serviaplogistics.com\/pt-br\/wp-json\/wp\/v2\/product"}],"about":[{"href":"https:\/\/www.serviaplogistics.com\/pt-br\/wp-json\/wp\/v2\/types\/product"}],"wp:featuredmedia":[{"embeddable":true,"href":"https:\/\/www.serviaplogistics.com\/pt-br\/wp-json\/wp\/v2\/media\/12063"}],"wp:attachment":[{"href":"https:\/\/www.serviaplogistics.com\/pt-br\/wp-json\/wp\/v2\/media?parent=12640"}],"wp:term":[{"taxonomy":"product_brand","embeddable":true,"href":"https:\/\/www.serviaplogistics.com\/pt-br\/wp-json\/wp\/v2\/product_brand?post=12640"},{"taxonomy":"product_cat","embeddable":true,"href":"https:\/\/www.serviaplogistics.com\/pt-br\/wp-json\/wp\/v2\/product_cat?post=12640"},{"taxonomy":"product_tag","embeddable":true,"href":"https:\/\/www.serviaplogistics.com\/pt-br\/wp-json\/wp\/v2\/product_tag?post=12640"}],"curies":[{"name":"wp","href":"https:\/\/api.w.org\/{rel}","templated":true}]}}