{"id":12642,"date":"2024-09-27T19:45:12","date_gmt":"2024-09-27T19:45:12","guid":{"rendered":"https:\/\/brouo.com.mx\/serviap\/product\/hp-plus-3-rails\/"},"modified":"2025-04-04T23:13:37","modified_gmt":"2025-04-04T23:13:37","slug":"hp-plus-3-rails","status":"publish","type":"product","link":"https:\/\/www.serviaplogistics.com\/pt-br\/product\/hp-plus-3-rails\/","title":{"rendered":"HP PLUS 3 RAILS"},"content":{"rendered":"<p><span data-sheets-root=\"1\">Com tr\u00eas trilhos horizontais, o HP Plus 3 Trilhos garante prote\u00e7\u00e3o superior para pedestres em ambientes industriais. Seu design robusto e altura adicional criam uma barreira ideal para separar equipamentos pesados das \u00e1reas de tr\u00e1fego de pedestres. <\/span><\/p>\n","protected":false},"excerpt":{"rendered":"<div class=\"space\"><span class=\"tl1\">Resist\u00eancia ao impacto <\/span><span class=\"kj\" data-sheets-root=\"1\">5,5 kJ<\/span><\/div>\n<div class=\"space\">\n            <span style=\"font-size: 21px;\"><br \/>\n              <strong>Proteja a las personas de las carretillas elevadoras<\/strong><br \/>\n            <\/span>\n          <\/div>\n<div class=\"space\">\n            <span style=\"font-size: 18px;\" data-sheets-root=\"1\">A <strong>HP PLUS <\/strong>\u00e9 a vers\u00e3o mais resistente da linha de barreiras para pedestres<strong> FLEX IMPACT\u00ae.<\/strong> Esta vers\u00e3o possui tr\u00eas trilhos e um poste mais pesado para proteger os pedestres em \u00e1reas de tr\u00e1fego intenso. O <strong>HP PLUS 3 RAILS<\/strong> garante a seguran\u00e7a dos pedestres nessas \u00e1reas.  <\/span>\n          <\/div>\n","protected":false},"featured_media":12079,"template":"","meta":{"_acf_changed":false,"_seopress_robots_primary_cat":"none","_seopress_titles_title":"","_seopress_titles_desc":"","_seopress_robots_index":"","content-type":""},"product_brand":[],"product_cat":[76,73],"product_tag":[],"class_list":{"0":"post-12642","1":"product","2":"type-product","3":"status-publish","4":"has-post-thumbnail","6":"product_cat-barreiras-para-pedestres-corrimaos","7":"product_cat-solucoes-de-seguranca","9":"first","10":"instock","11":"shipping-taxable","12":"product-type-simple"},"acf":[],"_links":{"self":[{"href":"https:\/\/www.serviaplogistics.com\/pt-br\/wp-json\/wp\/v2\/product\/12642","targetHints":{"allow":["GET"]}}],"collection":[{"href":"https:\/\/www.serviaplogistics.com\/pt-br\/wp-json\/wp\/v2\/product"}],"about":[{"href":"https:\/\/www.serviaplogistics.com\/pt-br\/wp-json\/wp\/v2\/types\/product"}],"wp:featuredmedia":[{"embeddable":true,"href":"https:\/\/www.serviaplogistics.com\/pt-br\/wp-json\/wp\/v2\/media\/12079"}],"wp:attachment":[{"href":"https:\/\/www.serviaplogistics.com\/pt-br\/wp-json\/wp\/v2\/media?parent=12642"}],"wp:term":[{"taxonomy":"product_brand","embeddable":true,"href":"https:\/\/www.serviaplogistics.com\/pt-br\/wp-json\/wp\/v2\/product_brand?post=12642"},{"taxonomy":"product_cat","embeddable":true,"href":"https:\/\/www.serviaplogistics.com\/pt-br\/wp-json\/wp\/v2\/product_cat?post=12642"},{"taxonomy":"product_tag","embeddable":true,"href":"https:\/\/www.serviaplogistics.com\/pt-br\/wp-json\/wp\/v2\/product_tag?post=12642"}],"curies":[{"name":"wp","href":"https:\/\/api.w.org\/{rel}","templated":true}]}}