{"id":12774,"date":"2024-09-27T21:02:19","date_gmt":"2024-09-27T21:02:19","guid":{"rendered":"https:\/\/brouo.com.mx\/serviap\/product\/bo170b\/"},"modified":"2025-04-24T21:28:42","modified_gmt":"2025-04-24T21:28:42","slug":"bo170b","status":"publish","type":"product","link":"https:\/\/www.serviaplogistics.com\/pt-br\/product\/bo170b\/","title":{"rendered":"BO170B"},"content":{"rendered":"<p><span data-sheets-root=\"1\">Ideal para \u00e1reas com espa\u00e7o limitado, oferecendo seguran\u00e7a sem comprometer a mobilidade.<\/span><\/p>\n","protected":false},"excerpt":{"rendered":"\n<div class=\"space\"><span class=\"tl1\">Resist\u00eancia ao impacto<\/span> <span class=\"kj\" data-sheets-root=\"1\">7,5 kJ<\/span><\/div>\n<div class=\"space\">\n            <span style=\"font-size: 21px;\"><br \/>\n              <strong>Proteja m\u00e1quinas, bens e infraestrutura de empilhadeiras<\/strong><br \/>\n            <\/span>\n          <\/div>\n<div class=\"space\">\n            <span style=\"font-size: 18px;\" data-sheets-root=\"1\">A efic\u00e1cia e efici\u00eancia do <strong>BO170B<\/strong> constituem uma solu\u00e7\u00e3o eficiente para proteger portas, entradas, cantos e m\u00e1quinas contra impactos de at\u00e9 7,5 kJ. O <strong>BO170B<\/strong> \u00e9 composto por <strong>extrilene\u00ae<\/strong>, um pol\u00edmero de alta qualidade que resiste a qualquer tipo de impacto. <\/span>\n          <\/div>\n<div class=\"space\">\n            <span style=\"font-size: 18px;\" data-sheets-root=\"1\">A deforma\u00e7\u00e3o que ocorre em cada colis\u00e3o desaparece quando o ve\u00edculo d\u00e1 r\u00e9. Consequentemente, os reparos n\u00e3o s\u00e3o necess\u00e1rios ap\u00f3s um acidente. <\/span>\n          <\/div>\n","protected":false},"featured_media":12123,"template":"","meta":{"_acf_changed":false,"_seopress_robots_primary_cat":"none","_seopress_titles_title":"","_seopress_titles_desc":"","_seopress_robots_index":"","content-type":""},"product_brand":[],"product_cat":[78,77,73],"product_tag":[],"class_list":{"0":"post-12774","1":"product","2":"type-product","3":"status-publish","4":"has-post-thumbnail","6":"product_cat-balizadores","7":"product_cat-balizadores-e-limitadores-de-altura","8":"product_cat-solucoes-de-seguranca","10":"first","11":"instock","12":"shipping-taxable","13":"product-type-simple"},"acf":[],"_links":{"self":[{"href":"https:\/\/www.serviaplogistics.com\/pt-br\/wp-json\/wp\/v2\/product\/12774","targetHints":{"allow":["GET"]}}],"collection":[{"href":"https:\/\/www.serviaplogistics.com\/pt-br\/wp-json\/wp\/v2\/product"}],"about":[{"href":"https:\/\/www.serviaplogistics.com\/pt-br\/wp-json\/wp\/v2\/types\/product"}],"wp:featuredmedia":[{"embeddable":true,"href":"https:\/\/www.serviaplogistics.com\/pt-br\/wp-json\/wp\/v2\/media\/12123"}],"wp:attachment":[{"href":"https:\/\/www.serviaplogistics.com\/pt-br\/wp-json\/wp\/v2\/media?parent=12774"}],"wp:term":[{"taxonomy":"product_brand","embeddable":true,"href":"https:\/\/www.serviaplogistics.com\/pt-br\/wp-json\/wp\/v2\/product_brand?post=12774"},{"taxonomy":"product_cat","embeddable":true,"href":"https:\/\/www.serviaplogistics.com\/pt-br\/wp-json\/wp\/v2\/product_cat?post=12774"},{"taxonomy":"product_tag","embeddable":true,"href":"https:\/\/www.serviaplogistics.com\/pt-br\/wp-json\/wp\/v2\/product_tag?post=12774"}],"curies":[{"name":"wp","href":"https:\/\/api.w.org\/{rel}","templated":true}]}}