{"id":12776,"date":"2024-09-27T21:09:36","date_gmt":"2024-09-27T21:09:36","guid":{"rendered":"https:\/\/brouo.com.mx\/serviap\/product\/bo125l-ev\/"},"modified":"2024-11-28T00:19:58","modified_gmt":"2024-11-28T00:19:58","slug":"bo125l-ev","status":"publish","type":"product","link":"https:\/\/www.serviaplogistics.com\/pt-br\/product\/bo125l-ev\/","title":{"rendered":"BO125L EV"},"content":{"rendered":"<p><span data-sheets-root=\"1\">Absorve impactos leves, ideal para \u00e1reas com ve\u00edculos leves.<\/span><\/p>\n","protected":false},"excerpt":{"rendered":"<div class=\"space\"><span class=\"tl1\"><strong>Resist\u00eancia ao impacto<\/strong><\/span> <span class=\"kj\">0.5 kJ<\/span><\/div>\n<div class=\"space\"><span style=\"font-size: 21px;\"><strong>Proteja a infraestrutura e os equipamentos de ve\u00edculos el\u00e9tricos<\/strong><\/span><\/div>\n<div class=\"space\"><span style=\"font-size: 18px;\">O <strong>BOL125L EV<\/strong> \u00e9 um pilarete flex\u00edvel que protege as esta\u00e7\u00f5es de carregamento de colis\u00f5es com ve\u00edculos. A prote\u00e7\u00e3o das esta\u00e7\u00f5es de carregamento contra colis\u00f5es n\u00e3o \u00e9 apenas inteligente, mas tamb\u00e9m imperativa para garantir a sua seguran\u00e7a e fiabilidade. Este poste de pl\u00e1stico \u00e9 flex\u00edvel e pode recuperar a sua forma original ap\u00f3s uma colis\u00e3o. Reduz os danos nos ve\u00edculos e \u00e9 resistente aos raios UV, duradouro e f\u00e1cil de instalar. O anel escuro esconde os parafusos.<\/span><\/div>\n","protected":false},"featured_media":12135,"template":"","meta":{"_acf_changed":false,"_seopress_robots_primary_cat":"","_seopress_titles_title":"","_seopress_titles_desc":"","_seopress_robots_index":"","content-type":""},"product_brand":[],"product_cat":[78,77,73],"product_tag":[],"class_list":{"0":"post-12776","1":"product","2":"type-product","3":"status-publish","4":"has-post-thumbnail","6":"product_cat-balizadores","7":"product_cat-balizadores-e-limitadores-de-altura","8":"product_cat-solucoes-de-seguranca","10":"first","11":"instock","12":"shipping-taxable","13":"product-type-simple"},"acf":[],"_links":{"self":[{"href":"https:\/\/www.serviaplogistics.com\/pt-br\/wp-json\/wp\/v2\/product\/12776","targetHints":{"allow":["GET"]}}],"collection":[{"href":"https:\/\/www.serviaplogistics.com\/pt-br\/wp-json\/wp\/v2\/product"}],"about":[{"href":"https:\/\/www.serviaplogistics.com\/pt-br\/wp-json\/wp\/v2\/types\/product"}],"wp:featuredmedia":[{"embeddable":true,"href":"https:\/\/www.serviaplogistics.com\/pt-br\/wp-json\/wp\/v2\/media\/12135"}],"wp:attachment":[{"href":"https:\/\/www.serviaplogistics.com\/pt-br\/wp-json\/wp\/v2\/media?parent=12776"}],"wp:term":[{"taxonomy":"product_brand","embeddable":true,"href":"https:\/\/www.serviaplogistics.com\/pt-br\/wp-json\/wp\/v2\/product_brand?post=12776"},{"taxonomy":"product_cat","embeddable":true,"href":"https:\/\/www.serviaplogistics.com\/pt-br\/wp-json\/wp\/v2\/product_cat?post=12776"},{"taxonomy":"product_tag","embeddable":true,"href":"https:\/\/www.serviaplogistics.com\/pt-br\/wp-json\/wp\/v2\/product_tag?post=12776"}],"curies":[{"name":"wp","href":"https:\/\/api.w.org\/{rel}","templated":true}]}}