{"id":12783,"date":"2024-09-27T21:13:29","date_gmt":"2024-09-27T21:13:29","guid":{"rendered":"https:\/\/brouo.com.mx\/serviap\/product\/bo145l-ev\/"},"modified":"2025-04-24T21:28:31","modified_gmt":"2025-04-24T21:28:31","slug":"bo145l-ev","status":"publish","type":"product","link":"https:\/\/www.serviaplogistics.com\/pt-br\/product\/bo145l-ev\/","title":{"rendered":"BO145L EV"},"content":{"rendered":"<p><span data-sheets-root=\"1\">Projetado para proteger \u00e1reas com alto risco de colis\u00f5es, proporcionando flexibilidade e resist\u00eancia.<\/span><\/p>\n","protected":false},"excerpt":{"rendered":"\n<div class=\"space\"><span class=\"tl1\">Resist\u00eancia ao impacto<\/span> <span class=\"kj\" data-sheets-root=\"1\">2 kJ<\/span><\/div>\n<div class=\"space\">\n            <span style=\"font-size: 21px;\"><br \/>\n              <strong>Proteja infraestrutura e equipamentos EV<\/strong><br \/>\n            <\/span>\n          <\/div>\n<div class=\"space\">\n            <span style=\"font-size: 18px;\" data-sheets-root=\"1\">O <strong>BO145L EV <\/strong>\u00e9 um poste de amarra\u00e7\u00e3o flex\u00edvel que protege as esta\u00e7\u00f5es de carregamento contra colis\u00f5es de ve\u00edculos. N\u00e3o s\u00f3 \u00e9 inteligente proteger as esta\u00e7\u00f5es de carregamento contra colis\u00f5es, mas tamb\u00e9m \u00e9 necess\u00e1rio garantir a sua seguran\u00e7a e fiabilidade. Este poste de pl\u00e1stico \u00e9 flex\u00edvel e pode recuperar a sua forma original ap\u00f3s uma colis\u00e3o. N\u00e3o possui fixa\u00e7\u00f5es vis\u00edveis, pois \u00e9 estruturado em concreto com inserto de borracha.   <\/span>\n          <\/div>\n<div class=\"space\">\n            <span style=\"font-size: 18px;\" data-sheets-root=\"1\">El orificio para el poste se produce durante el vertido del hormig\u00f3n (prefabricado o in situ) o se perfora posteriormente. Un anillo de base protege la abertura entre la toma y el poste. El <strong>BO145L EV<\/strong> es una herramienta resistente a los rayos UV, resistente y f\u00e1cil de instalar.  <\/span>\n          <\/div>\n","protected":false},"featured_media":12139,"template":"","meta":{"_acf_changed":false,"_seopress_robots_primary_cat":"none","_seopress_titles_title":"","_seopress_titles_desc":"","_seopress_robots_index":"","content-type":""},"product_brand":[],"product_cat":[78,77,73],"product_tag":[],"class_list":{"0":"post-12783","1":"product","2":"type-product","3":"status-publish","4":"has-post-thumbnail","6":"product_cat-balizadores","7":"product_cat-balizadores-e-limitadores-de-altura","8":"product_cat-solucoes-de-seguranca","10":"first","11":"instock","12":"shipping-taxable","13":"product-type-simple"},"acf":[],"_links":{"self":[{"href":"https:\/\/www.serviaplogistics.com\/pt-br\/wp-json\/wp\/v2\/product\/12783","targetHints":{"allow":["GET"]}}],"collection":[{"href":"https:\/\/www.serviaplogistics.com\/pt-br\/wp-json\/wp\/v2\/product"}],"about":[{"href":"https:\/\/www.serviaplogistics.com\/pt-br\/wp-json\/wp\/v2\/types\/product"}],"wp:featuredmedia":[{"embeddable":true,"href":"https:\/\/www.serviaplogistics.com\/pt-br\/wp-json\/wp\/v2\/media\/12139"}],"wp:attachment":[{"href":"https:\/\/www.serviaplogistics.com\/pt-br\/wp-json\/wp\/v2\/media?parent=12783"}],"wp:term":[{"taxonomy":"product_brand","embeddable":true,"href":"https:\/\/www.serviaplogistics.com\/pt-br\/wp-json\/wp\/v2\/product_brand?post=12783"},{"taxonomy":"product_cat","embeddable":true,"href":"https:\/\/www.serviaplogistics.com\/pt-br\/wp-json\/wp\/v2\/product_cat?post=12783"},{"taxonomy":"product_tag","embeddable":true,"href":"https:\/\/www.serviaplogistics.com\/pt-br\/wp-json\/wp\/v2\/product_tag?post=12783"}],"curies":[{"name":"wp","href":"https:\/\/api.w.org\/{rel}","templated":true}]}}