{"id":12797,"date":"2024-09-27T22:47:41","date_gmt":"2024-09-27T22:47:41","guid":{"rendered":"https:\/\/brouo.com.mx\/serviap\/product\/goal-post-250\/"},"modified":"2025-04-04T21:40:54","modified_gmt":"2025-04-04T21:40:54","slug":"goal-post-250","status":"publish","type":"product","link":"https:\/\/www.serviaplogistics.com\/pt-br\/product\/goal-post-250\/","title":{"rendered":"GOAL POST 250"},"content":{"rendered":"<p><span data-sheets-root=\"1\">O Goal Post 250 protege contra colis\u00f5es com ve\u00edculos altos, garantindo a seguran\u00e7a de portas e estruturas em \u00e1reas industriais com tr\u00e1fego intenso.<\/span><\/p>\n","protected":false},"excerpt":{"rendered":"<div class=\"space\"><span class=\"tl1\">Resist\u00eancia ao impacto <\/span><span class=\"kj\" data-sheets-root=\"1\">7,2 kJ<\/span><\/div>\n<div class=\"space\">\n            <span style=\"font-size: 21px;\"><br \/>\n              <strong>Proteja la infraestructura de las carretillas elevadoras<\/strong><br \/>\n            <\/span>\n          <\/div>\n<div class=\"space\">\n            <span style=\"font-size: 18px;\" data-sheets-root=\"1\">O <strong>GOAL POST 250<\/strong> da linha <strong>FLEX IMPACT\u00ae<\/strong> \u00e9 um dispositivo flex\u00edvel de limita\u00e7\u00e3o de altura que protege portas, decks e pontes de colis\u00f5es com ve\u00edculos elevados, como plataformas de trabalho elevadas, caminh\u00f5es e \u00f4nibus. O <strong>GOAL POST 250<\/strong> tem dimens\u00e3o de 250 mm e possui portal e tubo solto ajust\u00e1vel, ou <strong>TOUCH BARRIER<\/strong> (opcional). O limitador de altura est\u00e1 dispon\u00edvel em v\u00e1rios tons, incluindo <strong>TOUCH BARRIER.<\/strong> O G<strong>OAL POST<\/strong> 250 tem um valor de impacto de 7,2 kJ a 90\u00b0.   <\/span>\n          <\/div>\n","protected":false},"featured_media":12159,"template":"","meta":{"_acf_changed":false,"_seopress_robots_primary_cat":"none","_seopress_titles_title":"","_seopress_titles_desc":"","_seopress_robots_index":"","content-type":""},"product_brand":[],"product_cat":[77,79,73],"product_tag":[],"class_list":{"0":"post-12797","1":"product","2":"type-product","3":"status-publish","4":"has-post-thumbnail","6":"product_cat-balizadores-e-limitadores-de-altura","7":"product_cat-limitadores-de-altura","8":"product_cat-solucoes-de-seguranca","10":"first","11":"instock","12":"shipping-taxable","13":"product-type-simple"},"acf":[],"_links":{"self":[{"href":"https:\/\/www.serviaplogistics.com\/pt-br\/wp-json\/wp\/v2\/product\/12797","targetHints":{"allow":["GET"]}}],"collection":[{"href":"https:\/\/www.serviaplogistics.com\/pt-br\/wp-json\/wp\/v2\/product"}],"about":[{"href":"https:\/\/www.serviaplogistics.com\/pt-br\/wp-json\/wp\/v2\/types\/product"}],"wp:featuredmedia":[{"embeddable":true,"href":"https:\/\/www.serviaplogistics.com\/pt-br\/wp-json\/wp\/v2\/media\/12159"}],"wp:attachment":[{"href":"https:\/\/www.serviaplogistics.com\/pt-br\/wp-json\/wp\/v2\/media?parent=12797"}],"wp:term":[{"taxonomy":"product_brand","embeddable":true,"href":"https:\/\/www.serviaplogistics.com\/pt-br\/wp-json\/wp\/v2\/product_brand?post=12797"},{"taxonomy":"product_cat","embeddable":true,"href":"https:\/\/www.serviaplogistics.com\/pt-br\/wp-json\/wp\/v2\/product_cat?post=12797"},{"taxonomy":"product_tag","embeddable":true,"href":"https:\/\/www.serviaplogistics.com\/pt-br\/wp-json\/wp\/v2\/product_tag?post=12797"}],"curies":[{"name":"wp","href":"https:\/\/api.w.org\/{rel}","templated":true}]}}