{"id":12799,"date":"2024-09-27T20:38:45","date_gmt":"2024-09-27T20:38:45","guid":{"rendered":"https:\/\/brouo.com.mx\/serviap\/product\/bo200f\/"},"modified":"2025-04-24T21:28:55","modified_gmt":"2025-04-24T21:28:55","slug":"bo200f","status":"publish","type":"product","link":"https:\/\/www.serviaplogistics.com\/pt-br\/product\/bo200f\/","title":{"rendered":"BO200F"},"content":{"rendered":"<p><span data-sheets-root=\"1\">Ideal para \u00e1reas de tr\u00e1fego intenso, este balizador resiste a impactos fortes, protegendo equipamentos e estruturas essenciais.<\/span><\/p>\n","protected":false},"excerpt":{"rendered":"\n<div class=\"space\"><span class=\"tl1\">Resist\u00eancia ao impacto<\/span> <span class=\"kj\" data-sheets-root=\"1\">16 kJ<\/span><\/div>\n<div class=\"space\">\n            <span style=\"font-size: 21px;\"><br \/>\n              <strong>Proteja m\u00e1quinas, equipamentos e infraestrutura de empilhadeiras<\/strong><br \/>\n            <\/span>\n          <\/div>\n<div class=\"space\">\n            <span style=\"font-size: 18px;\" data-sheets-root=\"1\">O <strong>BO200F<\/strong> \u00e9 a solu\u00e7\u00e3o mais eficaz para proteger portas, entradas, cantos e m\u00e1quinas contra impactos de at\u00e9 16 kJ, devido \u00e0 sua resist\u00eancia ao impacto e flexibilidade. O <strong>BO200F<\/strong> \u00e9 feito de <strong>Extrilene\u00ae<\/strong>, um pol\u00edmero de alta qualidade que resiste a impactos repetidos. <\/span>\n          <\/div>\n<div class=\"space\">\n            <span style=\"font-size: 18px;\" data-sheets-root=\"1\">A deforma\u00e7\u00e3o que ocorre ap\u00f3s cada colis\u00e3o desaparece quando o ve\u00edculo \u00e9 revertido. Portanto, nenhum reparo \u00e9 necess\u00e1rio ap\u00f3s um acidente. <\/span>\n          <\/div>\n","protected":false},"featured_media":12111,"template":"","meta":{"_acf_changed":false,"_seopress_robots_primary_cat":"none","_seopress_titles_title":"","_seopress_titles_desc":"","_seopress_robots_index":"","content-type":""},"product_brand":[],"product_cat":[78,77,73],"product_tag":[],"class_list":{"0":"post-12799","1":"product","2":"type-product","3":"status-publish","4":"has-post-thumbnail","6":"product_cat-balizadores","7":"product_cat-balizadores-e-limitadores-de-altura","8":"product_cat-solucoes-de-seguranca","10":"first","11":"instock","12":"shipping-taxable","13":"product-type-simple"},"acf":[],"_links":{"self":[{"href":"https:\/\/www.serviaplogistics.com\/pt-br\/wp-json\/wp\/v2\/product\/12799","targetHints":{"allow":["GET"]}}],"collection":[{"href":"https:\/\/www.serviaplogistics.com\/pt-br\/wp-json\/wp\/v2\/product"}],"about":[{"href":"https:\/\/www.serviaplogistics.com\/pt-br\/wp-json\/wp\/v2\/types\/product"}],"wp:featuredmedia":[{"embeddable":true,"href":"https:\/\/www.serviaplogistics.com\/pt-br\/wp-json\/wp\/v2\/media\/12111"}],"wp:attachment":[{"href":"https:\/\/www.serviaplogistics.com\/pt-br\/wp-json\/wp\/v2\/media?parent=12799"}],"wp:term":[{"taxonomy":"product_brand","embeddable":true,"href":"https:\/\/www.serviaplogistics.com\/pt-br\/wp-json\/wp\/v2\/product_brand?post=12799"},{"taxonomy":"product_cat","embeddable":true,"href":"https:\/\/www.serviaplogistics.com\/pt-br\/wp-json\/wp\/v2\/product_cat?post=12799"},{"taxonomy":"product_tag","embeddable":true,"href":"https:\/\/www.serviaplogistics.com\/pt-br\/wp-json\/wp\/v2\/product_tag?post=12799"}],"curies":[{"name":"wp","href":"https:\/\/api.w.org\/{rel}","templated":true}]}}