{"id":12801,"date":"2024-09-27T23:06:46","date_gmt":"2024-09-27T23:06:46","guid":{"rendered":"https:\/\/brouo.com.mx\/serviap\/product\/rackbull\/"},"modified":"2025-04-04T21:21:41","modified_gmt":"2025-04-04T21:21:41","slug":"rackbull","status":"publish","type":"product","link":"https:\/\/www.serviaplogistics.com\/pt-br\/product\/rackbull\/","title":{"rendered":"RACKBULL"},"content":{"rendered":"<p><span data-sheets-root=\"1\">O RackBull \u00e9 uma solu\u00e7\u00e3o robusta que absorve impactos diretos nos pilares das estantes, preservando sua integridade e evitando deforma\u00e7\u00f5es. Seu design flex\u00edvel permite que recupere sua forma original ap\u00f3s uma colis\u00e3o, protegendo tanto suas estantes quanto seu investimento a longo prazo. <\/span><\/p>\n","protected":false},"excerpt":{"rendered":"<div class=\"space\"><span class=\"tl1\">Resist\u00eancia ao impacto<\/span> <span class=\"kj\" data-sheets-root=\"1\">0,4 kJ<\/span><\/div>\n<div class=\"space\">\n            <span style=\"font-size: 21px;\"><br \/>\n              <strong>Proteja las infraestructura de las carretillas elevadoras<\/strong><br \/>\n            <\/span>\n          <\/div>\n<div class=\"space\">\n            <span style=\"font-size: 18px;\" data-sheets-root=\"1\">O <strong>FLEX IMPACT\u00ae RACKBULL\u00ae <\/strong>\u00e9 uma tecnologia inovadora que evita o colapso dos racks devido a uma colis\u00e3o. A falta de um padr\u00e3o internacional sobre as dimens\u00f5es das prateleiras empilh\u00e1veis \u200b\u200btorna dif\u00edcil para as empresas encontrar protetores que caibam em todas as suas prateleiras empilh\u00e1veis. H\u00e1 um grande n\u00famero de suportes de prateleira em diversos di\u00e2metros. <strong>RACKBULL\u00ae<\/strong> resolve este problema. Com estes protetores de prateleira, voc\u00ea n\u00e3o precisar\u00e1 mais se preocupar com o tamanho exato, pois o <strong>RACKBULL\u00ae<\/strong> \u00e9 o primeiro protetor de prateleira universal do mercado.   <\/span>\n          <\/div>\n","protected":false},"featured_media":12175,"template":"","meta":{"_acf_changed":false,"_seopress_robots_primary_cat":"none","_seopress_titles_title":"","_seopress_titles_desc":"","_seopress_robots_index":"","content-type":""},"product_brand":[],"product_cat":[80],"product_tag":[],"class_list":{"0":"post-12801","1":"product","2":"type-product","3":"status-publish","4":"has-post-thumbnail","6":"product_cat-protetores-para-estantes","8":"first","9":"instock","10":"shipping-taxable","11":"product-type-simple"},"acf":[],"_links":{"self":[{"href":"https:\/\/www.serviaplogistics.com\/pt-br\/wp-json\/wp\/v2\/product\/12801","targetHints":{"allow":["GET"]}}],"collection":[{"href":"https:\/\/www.serviaplogistics.com\/pt-br\/wp-json\/wp\/v2\/product"}],"about":[{"href":"https:\/\/www.serviaplogistics.com\/pt-br\/wp-json\/wp\/v2\/types\/product"}],"wp:featuredmedia":[{"embeddable":true,"href":"https:\/\/www.serviaplogistics.com\/pt-br\/wp-json\/wp\/v2\/media\/12175"}],"wp:attachment":[{"href":"https:\/\/www.serviaplogistics.com\/pt-br\/wp-json\/wp\/v2\/media?parent=12801"}],"wp:term":[{"taxonomy":"product_brand","embeddable":true,"href":"https:\/\/www.serviaplogistics.com\/pt-br\/wp-json\/wp\/v2\/product_brand?post=12801"},{"taxonomy":"product_cat","embeddable":true,"href":"https:\/\/www.serviaplogistics.com\/pt-br\/wp-json\/wp\/v2\/product_cat?post=12801"},{"taxonomy":"product_tag","embeddable":true,"href":"https:\/\/www.serviaplogistics.com\/pt-br\/wp-json\/wp\/v2\/product_tag?post=12801"}],"curies":[{"name":"wp","href":"https:\/\/api.w.org\/{rel}","templated":true}]}}