{"id":12802,"date":"2024-09-27T23:23:43","date_gmt":"2024-09-27T23:23:43","guid":{"rendered":"https:\/\/brouo.com.mx\/serviap\/product\/re-rack-end\/"},"modified":"2025-04-04T19:56:58","modified_gmt":"2025-04-04T19:56:58","slug":"re-rack-end","status":"publish","type":"product","link":"https:\/\/www.serviaplogistics.com\/pt-br\/product\/re-rack-end\/","title":{"rendered":"RE RACK END"},"content":{"rendered":"<p><span data-sheets-root=\"1\">Desenvolvido para proteger as extremidades das estantes contra impactos laterais, especialmente de empilhadeiras, minimizando danos estruturais e garantindo a estabilidade e seguran\u00e7a das \u00e1reas de armazenamento.<\/span><\/p>\n","protected":false},"excerpt":{"rendered":"<div class=\"space\"><span class=\"tl1\">Resist\u00eancia ao impacto<\/span> <span class=\"kj\" data-sheets-root=\"1\">8,5 kJ<\/span><\/div>\n<div class=\"space\">\n            <span style=\"font-size: 21px;\"><br \/>\n              <strong>Proteja las infraestructura de las carretillas elevadoras<\/strong><br \/>\n            <\/span>\n          <\/div>\n<div class=\"space\">\n            <span style=\"font-size: 18px;\" data-sheets-root=\"1\">O <strong>FLEX IMPACT\u00ae RE RACK END<\/strong> \u00e9 a solu\u00e7\u00e3o mais adequada para proteger as extremidades das prateleiras devido aos seus trilhos duplos e dois cabe\u00e7os.<\/span>\n          <\/div>\n<div class=\"space\">\n            <span style=\"font-size: 18px;\" data-sheets-root=\"1\">N\u00e3o garanta a seguran\u00e7a das extremidades das prateleiras nas extremidades. Os funcion\u00e1rios do armaz\u00e9m est\u00e3o frequentemente sob grande press\u00e3o de tempo e \u00e0s vezes tomam atalhos. Se for cometido um erro, as consequ\u00eancias podem ser graves: desabamento de prateleiras, danos \u00e0s mercadorias e, \u00e0s vezes, at\u00e9 ferimentos pessoais. Devido \u00e0s suas caracter\u00edsticas flex\u00edveis, nossos protetores de prateleira mant\u00eam sua apar\u00eancia, apar\u00eancia e propriedades. Ou seja, n\u00e3o \u00e9 necess\u00e1rio reparar ou substituir o <strong>RACK END<\/strong> ap\u00f3s uma colis\u00e3o.    <\/span>\n          <\/div>\n","protected":false},"featured_media":12179,"template":"","meta":{"_acf_changed":false,"_seopress_robots_primary_cat":"none","_seopress_titles_title":"","_seopress_titles_desc":"","_seopress_robots_index":"","content-type":""},"product_brand":[],"product_cat":[80],"product_tag":[],"class_list":{"0":"post-12802","1":"product","2":"type-product","3":"status-publish","4":"has-post-thumbnail","6":"product_cat-protetores-para-estantes","8":"first","9":"instock","10":"shipping-taxable","11":"product-type-simple"},"acf":[],"_links":{"self":[{"href":"https:\/\/www.serviaplogistics.com\/pt-br\/wp-json\/wp\/v2\/product\/12802","targetHints":{"allow":["GET"]}}],"collection":[{"href":"https:\/\/www.serviaplogistics.com\/pt-br\/wp-json\/wp\/v2\/product"}],"about":[{"href":"https:\/\/www.serviaplogistics.com\/pt-br\/wp-json\/wp\/v2\/types\/product"}],"wp:featuredmedia":[{"embeddable":true,"href":"https:\/\/www.serviaplogistics.com\/pt-br\/wp-json\/wp\/v2\/media\/12179"}],"wp:attachment":[{"href":"https:\/\/www.serviaplogistics.com\/pt-br\/wp-json\/wp\/v2\/media?parent=12802"}],"wp:term":[{"taxonomy":"product_brand","embeddable":true,"href":"https:\/\/www.serviaplogistics.com\/pt-br\/wp-json\/wp\/v2\/product_brand?post=12802"},{"taxonomy":"product_cat","embeddable":true,"href":"https:\/\/www.serviaplogistics.com\/pt-br\/wp-json\/wp\/v2\/product_cat?post=12802"},{"taxonomy":"product_tag","embeddable":true,"href":"https:\/\/www.serviaplogistics.com\/pt-br\/wp-json\/wp\/v2\/product_tag?post=12802"}],"curies":[{"name":"wp","href":"https:\/\/api.w.org\/{rel}","templated":true}]}}