{"id":12803,"date":"2024-10-02T17:47:32","date_gmt":"2024-10-02T17:47:32","guid":{"rendered":"https:\/\/brouo.com.mx\/serviap\/product\/kp-protector\/"},"modified":"2025-04-04T19:51:37","modified_gmt":"2025-04-04T19:51:37","slug":"kp-protector","status":"publish","type":"product","link":"https:\/\/www.serviaplogistics.com\/pt-br\/product\/kp-protector\/","title":{"rendered":"KP PROTECTOR"},"content":{"rendered":"<p><span data-sheets-root=\"1\">Oferece uma defesa robusta para colunas de carga, protegendo contra impactos de empilhadeiras. Seu design envolvente absorve energia, evitando danos estruturais e prolongando a vida \u00fatil das colunas. <\/span><\/p>\n","protected":false},"excerpt":{"rendered":"<div class=\"space\"><span class=\"tl1\">Resist\u00eancia ao impacto<\/span> <span class=\"kj\" data-sheets-root=\"1\">2,2 kJ<\/span><\/div>\n<div class=\"space\">\n            <span style=\"font-size: 21px;\"><br \/>\n              <strong>Protecci\u00f3n de la infraestructura de las carretillas elevadoras y transpaletas.<\/strong><br \/>\n            <\/span>\n          <\/div>\n<div class=\"space\">\n            <span style=\"font-size: 18px;\" data-sheets-root=\"1\">O <strong>FLEX IMPACT\u00ae KP PROTECTOR <\/strong>\u00e9 um protetor de coluna redonda que protege colunas portantes e vigas H em diversos ambientes industriais, como f\u00e1bricas, armaz\u00e9ns, aeroportos e estacionamentos. Este protetor \u00e9 composto por duas pe\u00e7as de f\u00e1cil instala\u00e7\u00e3o que se adaptam perfeitamente \u00e0s colunas e proporcionam uma prote\u00e7\u00e3o est\u00e9tica, vers\u00e1til e vis\u00edvel. <\/span>\n          <\/div>\n<div class=\"space\">\n            <span style=\"font-size: 18px;\" data-sheets-root=\"1\">O <strong>KP PROTECTOR <\/strong>\u00e9 feito de polietileno flex\u00edvel e inquebr\u00e1vel e forma uma camada protetora ao redor de colunas vulner\u00e1veis. Esses protetores absorvem o impacto das colis\u00f5es e preservam tanto o ve\u00edculo quanto os elementos estruturais. Os procedimentos a\u00e9reos KP PROTECTOR permitem que o ar seja liberado de forma controlada em caso de colis\u00e3o, mantendo a resist\u00eancia \u00e0s for\u00e7as de impacto e reduzindo os danos causados.  <\/span>\n          <\/div>\n<div class=\"space\">\n            <span style=\"font-size: 18px;\" data-sheets-root=\"1\">Ao reduzir a colis\u00e3o, o <strong>KP PROTECTOR<\/strong> reduz efetivamente o risco de danos estruturais aos pilares, garantindo a integridade dos edif\u00edcios industriais. Estas prote\u00e7\u00f5es est\u00e3o dispon\u00edveis em diversos di\u00e2metros e tamanhos, podendo ser ajustadas a qualquer ambiente de trabalho. <\/span>\n          <\/div>\n","protected":false},"featured_media":12189,"template":"","meta":{"_acf_changed":false,"_seopress_robots_primary_cat":"none","_seopress_titles_title":"","_seopress_titles_desc":"","_seopress_robots_index":"","content-type":""},"product_brand":[],"product_cat":[82,81],"product_tag":[],"class_list":{"0":"post-12803","1":"product","2":"type-product","3":"status-publish","4":"has-post-thumbnail","6":"product_cat-protetores-de-colunas","7":"product_cat-protetores-de-colunas-e-cantos","9":"first","10":"instock","11":"shipping-taxable","12":"product-type-simple"},"acf":[],"_links":{"self":[{"href":"https:\/\/www.serviaplogistics.com\/pt-br\/wp-json\/wp\/v2\/product\/12803","targetHints":{"allow":["GET"]}}],"collection":[{"href":"https:\/\/www.serviaplogistics.com\/pt-br\/wp-json\/wp\/v2\/product"}],"about":[{"href":"https:\/\/www.serviaplogistics.com\/pt-br\/wp-json\/wp\/v2\/types\/product"}],"wp:featuredmedia":[{"embeddable":true,"href":"https:\/\/www.serviaplogistics.com\/pt-br\/wp-json\/wp\/v2\/media\/12189"}],"wp:attachment":[{"href":"https:\/\/www.serviaplogistics.com\/pt-br\/wp-json\/wp\/v2\/media?parent=12803"}],"wp:term":[{"taxonomy":"product_brand","embeddable":true,"href":"https:\/\/www.serviaplogistics.com\/pt-br\/wp-json\/wp\/v2\/product_brand?post=12803"},{"taxonomy":"product_cat","embeddable":true,"href":"https:\/\/www.serviaplogistics.com\/pt-br\/wp-json\/wp\/v2\/product_cat?post=12803"},{"taxonomy":"product_tag","embeddable":true,"href":"https:\/\/www.serviaplogistics.com\/pt-br\/wp-json\/wp\/v2\/product_tag?post=12803"}],"curies":[{"name":"wp","href":"https:\/\/api.w.org\/{rel}","templated":true}]}}