{"id":12809,"date":"2024-10-02T20:56:19","date_gmt":"2024-10-02T20:56:19","guid":{"rendered":"https:\/\/brouo.com.mx\/serviap\/product\/sg-sliding-gate\/"},"modified":"2025-04-04T19:15:59","modified_gmt":"2025-04-04T19:15:59","slug":"sg-sliding-gate","status":"publish","type":"product","link":"https:\/\/www.serviaplogistics.com\/pt-br\/product\/sg-sliding-gate\/","title":{"rendered":"SG SLIDING GATE"},"content":{"rendered":"<p><span data-sheets-root=\"1\">O SG Sliding Gate desliza suavemente, proporcionando seguran\u00e7a em \u00e1reas com tr\u00e1fego constante. Seu design compacto economiza espa\u00e7o e assegura um controle eficaz no acesso a \u00e1reas perigosas. <\/span><\/p>\n","protected":false},"excerpt":{"rendered":"<div class=\"space\">\n            <span style=\"font-size: 21px;\"><br \/>\n              <strong>Bloqueo de zonas cr\u00edticas<\/strong><br \/>\n            <\/span>\n          <\/div>\n<div class=\"space\">\n            <span style=\"font-size: 18px;\" data-sheets-root=\"1\">A <strong>FLEX IMPACT\u00ae SG SLIDING GATE<\/strong> \u00e9 uma porta de seguran\u00e7a que abre e fecha com uma porta deslizante, que abre e fecha com uma porta deslizante. Essa porta de seguran\u00e7a \u00e9 f\u00e1cil de instalar. Voc\u00ea pode escolher se a entrada ser\u00e1 inclinada para a esquerda ou para a direita. Uma vez aberto, o port\u00e3o se move com uma roda s\u00f3lida no piso e os trilhos do port\u00e3o de seguran\u00e7a deslizam para os perfis de trilhos instalados ao lado dele. A SG SLIDING GATE \u00e9 ideal para fechar \u00e1reas cr\u00edticas, como a sala de m\u00e1quinas.    <\/span>\n          <\/div>\n","protected":false},"featured_media":12223,"template":"","meta":{"_acf_changed":false,"_seopress_robots_primary_cat":"none","_seopress_titles_title":"","_seopress_titles_desc":"","_seopress_robots_index":"","content-type":""},"product_brand":[],"product_cat":[85],"product_tag":[],"class_list":{"0":"post-12809","1":"product","2":"type-product","3":"status-publish","4":"has-post-thumbnail","6":"product_cat-portoes-de-seguranca","8":"first","9":"instock","10":"shipping-taxable","11":"product-type-simple"},"acf":[],"_links":{"self":[{"href":"https:\/\/www.serviaplogistics.com\/pt-br\/wp-json\/wp\/v2\/product\/12809","targetHints":{"allow":["GET"]}}],"collection":[{"href":"https:\/\/www.serviaplogistics.com\/pt-br\/wp-json\/wp\/v2\/product"}],"about":[{"href":"https:\/\/www.serviaplogistics.com\/pt-br\/wp-json\/wp\/v2\/types\/product"}],"wp:featuredmedia":[{"embeddable":true,"href":"https:\/\/www.serviaplogistics.com\/pt-br\/wp-json\/wp\/v2\/media\/12223"}],"wp:attachment":[{"href":"https:\/\/www.serviaplogistics.com\/pt-br\/wp-json\/wp\/v2\/media?parent=12809"}],"wp:term":[{"taxonomy":"product_brand","embeddable":true,"href":"https:\/\/www.serviaplogistics.com\/pt-br\/wp-json\/wp\/v2\/product_brand?post=12809"},{"taxonomy":"product_cat","embeddable":true,"href":"https:\/\/www.serviaplogistics.com\/pt-br\/wp-json\/wp\/v2\/product_cat?post=12809"},{"taxonomy":"product_tag","embeddable":true,"href":"https:\/\/www.serviaplogistics.com\/pt-br\/wp-json\/wp\/v2\/product_tag?post=12809"}],"curies":[{"name":"wp","href":"https:\/\/api.w.org\/{rel}","templated":true}]}}