{"id":12810,"date":"2024-10-02T22:34:19","date_gmt":"2024-10-02T22:34:19","guid":{"rendered":"https:\/\/brouo.com.mx\/serviap\/product\/dock-gate\/"},"modified":"2025-04-04T19:10:00","modified_gmt":"2025-04-04T19:10:00","slug":"dock-gate","status":"publish","type":"product","link":"https:\/\/www.serviaplogistics.com\/pt-br\/product\/dock-gate\/","title":{"rendered":"DOCK GATE"},"content":{"rendered":"<p><span data-sheets-root=\"1\">O Dock Gate protege as docas de carga, prevenindo quedas e acidentes. Seu design robusto oferece confiabilidade e seguran\u00e7a em opera\u00e7\u00f5es de carga e descarga. <\/span><\/p>\n","protected":false},"excerpt":{"rendered":"<div class=\"space\"><span class=\"tl1\">Resist\u00eancia ao impacto<\/span> <span class=\"kj\" data-sheets-root=\"1\">5,1 kJ<\/span><\/div>\n<div class=\"space\">\n            <span style=\"font-size: 21px;\"><br \/>\n              <strong>Proteja a las personas de las carretillas elevadoras<\/strong><br \/>\n            <\/span>\n          <\/div>\n<div class=\"space\">\n            <span style=\"font-size: 18px;\" data-sheets-root=\"1\">O <strong>FLEX IMPACT\u00ae DOCK GATE<\/strong> \u00e9 uma entrada de seguran\u00e7a com trilho duplo. A prote\u00e7\u00e3o contra quedas \u00e9 ideal para trabalhadores e pedestres em \u00e1reas de carga e pedestres. A trava de seguran\u00e7a est\u00e1 equipada com um mecanismo hidr\u00e1ulico auxiliar que permite uma opera\u00e7\u00e3o f\u00e1cil e suave. Da mesma forma, os postes DOCK GATE protegem os postes de entrada. A instala\u00e7\u00e3o \u00e9 simples, pois um DOCK GATE \u00e9 composto por poucas pe\u00e7as.    <\/span>\n          <\/div>\n","protected":false},"featured_media":12231,"template":"","meta":{"_acf_changed":false,"_seopress_robots_primary_cat":"none","_seopress_titles_title":"","_seopress_titles_desc":"","_seopress_robots_index":"","content-type":""},"product_brand":[],"product_cat":[85],"product_tag":[],"class_list":{"0":"post-12810","1":"product","2":"type-product","3":"status-publish","4":"has-post-thumbnail","6":"product_cat-portoes-de-seguranca","8":"first","9":"instock","10":"shipping-taxable","11":"product-type-simple"},"acf":[],"_links":{"self":[{"href":"https:\/\/www.serviaplogistics.com\/pt-br\/wp-json\/wp\/v2\/product\/12810","targetHints":{"allow":["GET"]}}],"collection":[{"href":"https:\/\/www.serviaplogistics.com\/pt-br\/wp-json\/wp\/v2\/product"}],"about":[{"href":"https:\/\/www.serviaplogistics.com\/pt-br\/wp-json\/wp\/v2\/types\/product"}],"wp:featuredmedia":[{"embeddable":true,"href":"https:\/\/www.serviaplogistics.com\/pt-br\/wp-json\/wp\/v2\/media\/12231"}],"wp:attachment":[{"href":"https:\/\/www.serviaplogistics.com\/pt-br\/wp-json\/wp\/v2\/media?parent=12810"}],"wp:term":[{"taxonomy":"product_brand","embeddable":true,"href":"https:\/\/www.serviaplogistics.com\/pt-br\/wp-json\/wp\/v2\/product_brand?post=12810"},{"taxonomy":"product_cat","embeddable":true,"href":"https:\/\/www.serviaplogistics.com\/pt-br\/wp-json\/wp\/v2\/product_cat?post=12810"},{"taxonomy":"product_tag","embeddable":true,"href":"https:\/\/www.serviaplogistics.com\/pt-br\/wp-json\/wp\/v2\/product_tag?post=12810"}],"curies":[{"name":"wp","href":"https:\/\/api.w.org\/{rel}","templated":true}]}}