{"id":12811,"date":"2024-10-02T22:50:03","date_gmt":"2024-10-02T22:50:03","guid":{"rendered":"https:\/\/brouo.com.mx\/serviap\/product\/dock-gate-force\/"},"modified":"2025-04-03T23:54:09","modified_gmt":"2025-04-03T23:54:09","slug":"dock-gate-force","status":"publish","type":"product","link":"https:\/\/www.serviaplogistics.com\/pt-br\/product\/dock-gate-force\/","title":{"rendered":"DOCK GATE FORCE"},"content":{"rendered":"<p><span data-sheets-root=\"1\">O Dock Gate Force proporciona uma barreira ainda mais forte, ideal para \u00e1reas com maior exposi\u00e7\u00e3o a riscos, garantindo seguran\u00e7a em opera\u00e7\u00f5es pesadas.<\/span><\/p>\n","protected":false},"excerpt":{"rendered":"<div class=\"space\"><span class=\"tl1\">Resist\u00eancia ao impacto<\/span> <span class=\"kj\" data-sheets-root=\"1\">10,1 kJ<\/span><\/div>\n<div class=\"space\">\n            <span style=\"font-size: 21px;\"><br \/>\n              <strong>Proteja a las personas de las carretillas elevadoras<\/strong><br \/>\n            <\/span>\n          <\/div>\n<div class=\"space\">\n            <span style=\"font-size: 18px;\" data-sheets-root=\"1\">A <strong>FLEX IMPACT\u00ae DOCK GATE FORCE<\/strong> \u00e9 uma entrada de seguran\u00e7a com trilho duplo. \u00c9 a prote\u00e7\u00e3o ideal contra quedas para trabalhadores e pedestres em \u00e1reas de carga. A trava de seguran\u00e7a \u00e9 equipada com um mecanismo hidr\u00e1ulico auxiliar para uma opera\u00e7\u00e3o suave e f\u00e1cil. Ela oferece prote\u00e7\u00e3o dur\u00e1vel contra impactos de at\u00e9 10 kJ. Os postes do DOCK GATE FORCE tamb\u00e9m protegem os postes do port\u00e3o. A instala\u00e7\u00e3o \u00e9 r\u00e1pida, pois o DOCK GATE FORCE consiste em apenas algumas pe\u00e7as.     <\/span>\n          <\/div>\n","protected":false},"featured_media":30853,"template":"","meta":{"_acf_changed":false,"_seopress_robots_primary_cat":"none","_seopress_titles_title":"","_seopress_titles_desc":"","_seopress_robots_index":"","content-type":""},"product_brand":[],"product_cat":[85],"product_tag":[],"class_list":{"0":"post-12811","1":"product","2":"type-product","3":"status-publish","4":"has-post-thumbnail","6":"product_cat-portoes-de-seguranca","8":"first","9":"instock","10":"shipping-taxable","11":"product-type-simple"},"acf":[],"_links":{"self":[{"href":"https:\/\/www.serviaplogistics.com\/pt-br\/wp-json\/wp\/v2\/product\/12811","targetHints":{"allow":["GET"]}}],"collection":[{"href":"https:\/\/www.serviaplogistics.com\/pt-br\/wp-json\/wp\/v2\/product"}],"about":[{"href":"https:\/\/www.serviaplogistics.com\/pt-br\/wp-json\/wp\/v2\/types\/product"}],"wp:featuredmedia":[{"embeddable":true,"href":"https:\/\/www.serviaplogistics.com\/pt-br\/wp-json\/wp\/v2\/media\/30853"}],"wp:attachment":[{"href":"https:\/\/www.serviaplogistics.com\/pt-br\/wp-json\/wp\/v2\/media?parent=12811"}],"wp:term":[{"taxonomy":"product_brand","embeddable":true,"href":"https:\/\/www.serviaplogistics.com\/pt-br\/wp-json\/wp\/v2\/product_brand?post=12811"},{"taxonomy":"product_cat","embeddable":true,"href":"https:\/\/www.serviaplogistics.com\/pt-br\/wp-json\/wp\/v2\/product_cat?post=12811"},{"taxonomy":"product_tag","embeddable":true,"href":"https:\/\/www.serviaplogistics.com\/pt-br\/wp-json\/wp\/v2\/product_tag?post=12811"}],"curies":[{"name":"wp","href":"https:\/\/api.w.org\/{rel}","templated":true}]}}