{"id":12812,"date":"2024-10-02T22:54:04","date_gmt":"2024-10-02T22:54:04","guid":{"rendered":"https:\/\/brouo.com.mx\/serviap\/product\/sg-drop-gate\/"},"modified":"2025-04-03T23:47:52","modified_gmt":"2025-04-03T23:47:52","slug":"sg-drop-gate","status":"publish","type":"product","link":"https:\/\/www.serviaplogistics.com\/pt-br\/product\/sg-drop-gate\/","title":{"rendered":"SG DROP GATE"},"content":{"rendered":"<p>O SG Drop Gate oferece prote\u00e7\u00e3o e f\u00e1cil acesso, ideal para \u00e1reas que demandam acesso r\u00e1pido sem comprometer a seguran\u00e7a.<\/p>\n","protected":false},"excerpt":{"rendered":"<div class=\"space\">\n            <span style=\"font-size: 21px;\"><br \/>\n              <strong>Bloqueo de zonas cr\u00edticas<\/strong><br \/>\n            <\/span>\n          <\/div>\n<div class=\"space\">\n            <span style=\"font-size: 18px;\" data-sheets-root=\"1\">O<strong> FLEX IMPACT\u00ae SG DROP GATE<\/strong> \u00e9 um port\u00e3o de seguran\u00e7a que fecha vias de acesso onde n\u00e3o h\u00e1 espa\u00e7o suficiente para instalar um port\u00e3o girat\u00f3rio tradicional. Esta porta abre com um movimento de abertura ascendente. A SG DROP GATE \u00e9 uma solu\u00e7\u00e3o pr\u00e1tica para proteger corredores e \u00e1reas, como o resto das portas de seguran\u00e7a desta s\u00e9rie.  <\/span>\n          <\/div>\n","protected":false},"featured_media":12243,"template":"","meta":{"_acf_changed":false,"_seopress_robots_primary_cat":"none","_seopress_titles_title":"","_seopress_titles_desc":"","_seopress_robots_index":"","content-type":""},"product_brand":[],"product_cat":[85],"product_tag":[],"class_list":{"0":"post-12812","1":"product","2":"type-product","3":"status-publish","4":"has-post-thumbnail","6":"product_cat-portoes-de-seguranca","8":"first","9":"instock","10":"shipping-taxable","11":"product-type-simple"},"acf":[],"_links":{"self":[{"href":"https:\/\/www.serviaplogistics.com\/pt-br\/wp-json\/wp\/v2\/product\/12812","targetHints":{"allow":["GET"]}}],"collection":[{"href":"https:\/\/www.serviaplogistics.com\/pt-br\/wp-json\/wp\/v2\/product"}],"about":[{"href":"https:\/\/www.serviaplogistics.com\/pt-br\/wp-json\/wp\/v2\/types\/product"}],"wp:featuredmedia":[{"embeddable":true,"href":"https:\/\/www.serviaplogistics.com\/pt-br\/wp-json\/wp\/v2\/media\/12243"}],"wp:attachment":[{"href":"https:\/\/www.serviaplogistics.com\/pt-br\/wp-json\/wp\/v2\/media?parent=12812"}],"wp:term":[{"taxonomy":"product_brand","embeddable":true,"href":"https:\/\/www.serviaplogistics.com\/pt-br\/wp-json\/wp\/v2\/product_brand?post=12812"},{"taxonomy":"product_cat","embeddable":true,"href":"https:\/\/www.serviaplogistics.com\/pt-br\/wp-json\/wp\/v2\/product_cat?post=12812"},{"taxonomy":"product_tag","embeddable":true,"href":"https:\/\/www.serviaplogistics.com\/pt-br\/wp-json\/wp\/v2\/product_tag?post=12812"}],"curies":[{"name":"wp","href":"https:\/\/api.w.org\/{rel}","templated":true}]}}