{"id":12813,"date":"2024-10-02T22:59:26","date_gmt":"2024-10-02T22:59:26","guid":{"rendered":"https:\/\/brouo.com.mx\/serviap\/product\/sg-swing-gate\/"},"modified":"2025-04-03T23:46:04","modified_gmt":"2025-04-03T23:46:04","slug":"sg-swing-gate","status":"publish","type":"product","link":"https:\/\/www.serviaplogistics.com\/pt-br\/product\/sg-swing-gate\/","title":{"rendered":"SG SWING GATE"},"content":{"rendered":"<p><span data-sheets-root=\"1\">O SG Swing Gate abre facilmente com um sistema autom\u00e1tico, garantindo seguran\u00e7a e confiabilidade em zonas de tr\u00e1fego intenso de pedestres.<\/span><\/p>\n","protected":false},"excerpt":{"rendered":"<div class=\"space\">\n            <span style=\"font-size: 18px;\" data-sheets-root=\"1\">A <strong>FLEX IMPACT\u00ae SG SWING GATE<\/strong> \u00e9 uma entrada de seguran\u00e7a que se abre dos dois lados. As portas e entradas de corredores e salas de m\u00e1quinas geralmente s\u00e3o deixadas abertas. Ao contr\u00e1rio da SG SWING GATE, isso \u00e9 coisa do passado. A porta de seguran\u00e7a se fecha automaticamente para garantir que as entradas permane\u00e7am sempre fechadas. A entrada robusta \u00e9 ergonomicamente projetada e equipada com um painel de sinaliza\u00e7\u00e3o.    <\/span>\n          <\/div>\n","protected":false},"featured_media":12249,"template":"","meta":{"_acf_changed":false,"_seopress_robots_primary_cat":"none","_seopress_titles_title":"","_seopress_titles_desc":"","_seopress_robots_index":"","content-type":""},"product_brand":[],"product_cat":[85],"product_tag":[],"class_list":{"0":"post-12813","1":"product","2":"type-product","3":"status-publish","4":"has-post-thumbnail","6":"product_cat-portoes-de-seguranca","8":"first","9":"instock","10":"shipping-taxable","11":"product-type-simple"},"acf":[],"_links":{"self":[{"href":"https:\/\/www.serviaplogistics.com\/pt-br\/wp-json\/wp\/v2\/product\/12813","targetHints":{"allow":["GET"]}}],"collection":[{"href":"https:\/\/www.serviaplogistics.com\/pt-br\/wp-json\/wp\/v2\/product"}],"about":[{"href":"https:\/\/www.serviaplogistics.com\/pt-br\/wp-json\/wp\/v2\/types\/product"}],"wp:featuredmedia":[{"embeddable":true,"href":"https:\/\/www.serviaplogistics.com\/pt-br\/wp-json\/wp\/v2\/media\/12249"}],"wp:attachment":[{"href":"https:\/\/www.serviaplogistics.com\/pt-br\/wp-json\/wp\/v2\/media?parent=12813"}],"wp:term":[{"taxonomy":"product_brand","embeddable":true,"href":"https:\/\/www.serviaplogistics.com\/pt-br\/wp-json\/wp\/v2\/product_brand?post=12813"},{"taxonomy":"product_cat","embeddable":true,"href":"https:\/\/www.serviaplogistics.com\/pt-br\/wp-json\/wp\/v2\/product_cat?post=12813"},{"taxonomy":"product_tag","embeddable":true,"href":"https:\/\/www.serviaplogistics.com\/pt-br\/wp-json\/wp\/v2\/product_tag?post=12813"}],"curies":[{"name":"wp","href":"https:\/\/api.w.org\/{rel}","templated":true}]}}