{"id":12814,"date":"2024-10-02T23:40:09","date_gmt":"2024-10-02T23:40:09","guid":{"rendered":"https:\/\/brouo.com.mx\/serviap\/product\/bb-belt-barrier\/"},"modified":"2025-04-03T23:40:20","modified_gmt":"2025-04-03T23:40:20","slug":"bb-belt-barrier","status":"publish","type":"product","link":"https:\/\/www.serviaplogistics.com\/pt-br\/product\/bb-belt-barrier\/","title":{"rendered":"BB BELT BARRIER"},"content":{"rendered":"<p><span data-sheets-root=\"1\">A BB Belt Barrier cria uma barreira vis\u00edvel e flex\u00edvel, ideal para delimitar temporariamente \u00e1reas de trabalho e restringir o acesso a \u00e1reas de risco.<\/span><\/p>\n","protected":false},"excerpt":{"rendered":"<div class=\"space\">\n            <span style=\"font-size: 21px;\"><br \/>\n              <strong>Cierre r\u00e1pido de zonas cr\u00edticas<\/strong><br \/>\n            <\/span>\n          <\/div>\n<div class=\"space\">\n            <span style=\"font-size: 18px;\" data-sheets-root=\"1\">O <strong>FLEX IMPACT\u00ae BELT BARRIER<\/strong> permite delimitar rapidamente uma \u00e1rea, como uma abertura, uma porta ou uma doca de carga. Desta forma, evitar-se-\u00e1 a circula\u00e7\u00e3o de ve\u00edculos em movimento, a entrada numa abertura descoberta ou o acesso a uma \u00e1rea onde estejam a ser realizadas obras de manuten\u00e7\u00e3o. O BARRIER BELT est\u00e1 dispon\u00edvel em duas dimens\u00f5es diferentes: 5 metros e 10 metros.  <\/span>\n          <\/div>\n","protected":false},"featured_media":12259,"template":"","meta":{"_acf_changed":false,"_seopress_robots_primary_cat":"none","_seopress_titles_title":"","_seopress_titles_desc":"","_seopress_robots_index":"","content-type":""},"product_brand":[],"product_cat":[85],"product_tag":[],"class_list":{"0":"post-12814","1":"product","2":"type-product","3":"status-publish","4":"has-post-thumbnail","6":"product_cat-portoes-de-seguranca","8":"first","9":"instock","10":"shipping-taxable","11":"product-type-simple"},"acf":[],"_links":{"self":[{"href":"https:\/\/www.serviaplogistics.com\/pt-br\/wp-json\/wp\/v2\/product\/12814","targetHints":{"allow":["GET"]}}],"collection":[{"href":"https:\/\/www.serviaplogistics.com\/pt-br\/wp-json\/wp\/v2\/product"}],"about":[{"href":"https:\/\/www.serviaplogistics.com\/pt-br\/wp-json\/wp\/v2\/types\/product"}],"wp:featuredmedia":[{"embeddable":true,"href":"https:\/\/www.serviaplogistics.com\/pt-br\/wp-json\/wp\/v2\/media\/12259"}],"wp:attachment":[{"href":"https:\/\/www.serviaplogistics.com\/pt-br\/wp-json\/wp\/v2\/media?parent=12814"}],"wp:term":[{"taxonomy":"product_brand","embeddable":true,"href":"https:\/\/www.serviaplogistics.com\/pt-br\/wp-json\/wp\/v2\/product_brand?post=12814"},{"taxonomy":"product_cat","embeddable":true,"href":"https:\/\/www.serviaplogistics.com\/pt-br\/wp-json\/wp\/v2\/product_cat?post=12814"},{"taxonomy":"product_tag","embeddable":true,"href":"https:\/\/www.serviaplogistics.com\/pt-br\/wp-json\/wp\/v2\/product_tag?post=12814"}],"curies":[{"name":"wp","href":"https:\/\/api.w.org\/{rel}","templated":true}]}}