{"id":12819,"date":"2024-10-02T23:57:16","date_gmt":"2024-10-02T23:57:16","guid":{"rendered":"https:\/\/brouo.com.mx\/serviap\/product\/double-axes-gate\/"},"modified":"2025-04-03T23:23:00","modified_gmt":"2025-04-03T23:23:00","slug":"double-axes-gate","status":"publish","type":"product","link":"https:\/\/www.serviaplogistics.com\/pt-br\/product\/double-axes-gate\/","title":{"rendered":"DOUBLE AXES GATE"},"content":{"rendered":"<p>O Double Axes Gate foi projetado para proteger contra quedas em \u00e1reas elevadas. Ideal para fechar aberturas em plataformas de trabalho e restringir o acesso a escadas e m\u00e1quinas. Uma solu\u00e7\u00e3o robusta para ambientes de altura.<\/p>\n","protected":false},"excerpt":{"rendered":"<div class=\"space\">\n            <span style=\"font-size: 21px;\"><br \/>\n              <strong>Puerta de seguridad industrial robusta dise\u00f1ada para su uso a nivel de suelo<\/strong><br \/>\n            <\/span>\n          <\/div>\n<div class=\"space\">\n            <span style=\"font-size: 18px;\" data-sheets-root=\"1\">La <strong>SINGLE AXES GATE <\/strong>es una robusta puerta de seguridad industrial que obstaculiza el acceso a \u00e1reas peligrosas y maquinarias en la planta baja. A causa de la gravedad, la puerta se cierra de manera autom\u00e1tica. En ocasiones, un empleado se ve obligado a cerrar una entrada, lo que ocasiona situaciones adversas. Con la SINGLE AXES GATE de cierre autom\u00e1tico, esto es algo del pasado. El bloque de la bisagra posibilita la instalaci\u00f3n de la entrada para que se abra \u00fanicamente hacia la izquierda o derecha. La SINGLE AXES GATE se encuentra disponible en dimensiones comprendidas entre 500 mm y 1130 mm.     <\/span>\n          <\/div>\n","protected":false},"featured_media":12269,"template":"","meta":{"_acf_changed":false,"_seopress_robots_primary_cat":"none","_seopress_titles_title":"","_seopress_titles_desc":"","_seopress_robots_index":"","content-type":""},"product_brand":[],"product_cat":[85],"product_tag":[],"class_list":{"0":"post-12819","1":"product","2":"type-product","3":"status-publish","4":"has-post-thumbnail","6":"product_cat-portoes-de-seguranca","8":"first","9":"instock","10":"shipping-taxable","11":"product-type-simple"},"acf":[],"_links":{"self":[{"href":"https:\/\/www.serviaplogistics.com\/pt-br\/wp-json\/wp\/v2\/product\/12819","targetHints":{"allow":["GET"]}}],"collection":[{"href":"https:\/\/www.serviaplogistics.com\/pt-br\/wp-json\/wp\/v2\/product"}],"about":[{"href":"https:\/\/www.serviaplogistics.com\/pt-br\/wp-json\/wp\/v2\/types\/product"}],"wp:featuredmedia":[{"embeddable":true,"href":"https:\/\/www.serviaplogistics.com\/pt-br\/wp-json\/wp\/v2\/media\/12269"}],"wp:attachment":[{"href":"https:\/\/www.serviaplogistics.com\/pt-br\/wp-json\/wp\/v2\/media?parent=12819"}],"wp:term":[{"taxonomy":"product_brand","embeddable":true,"href":"https:\/\/www.serviaplogistics.com\/pt-br\/wp-json\/wp\/v2\/product_brand?post=12819"},{"taxonomy":"product_cat","embeddable":true,"href":"https:\/\/www.serviaplogistics.com\/pt-br\/wp-json\/wp\/v2\/product_cat?post=12819"},{"taxonomy":"product_tag","embeddable":true,"href":"https:\/\/www.serviaplogistics.com\/pt-br\/wp-json\/wp\/v2\/product_tag?post=12819"}],"curies":[{"name":"wp","href":"https:\/\/api.w.org\/{rel}","templated":true}]}}