{"id":13172,"date":"2024-10-03T19:09:34","date_gmt":"2024-10-03T19:09:34","guid":{"rendered":"https:\/\/brouo.com.mx\/serviap\/product\/teddy-pro-ar25\/"},"modified":"2025-04-03T22:04:53","modified_gmt":"2025-04-03T22:04:53","slug":"teddy-pro-ar25","status":"publish","type":"product","link":"https:\/\/www.serviaplogistics.com\/pt-br\/product\/teddy-pro-ar25\/","title":{"rendered":"TEDDY PRO AR25"},"content":{"rendered":"<p><span data-sheets-root=\"1\">Amortece impactos em cantos e superf\u00edcies irregulares, oferecendo prote\u00e7\u00e3o confi\u00e1vel em armaz\u00e9ns e \u00e1reas industriais.<\/span><\/p>\n","protected":false},"excerpt":{"rendered":"<p><span style=\"font-size: 21px;\"><strong>Proteja as pessoas e a infraestrutura<\/strong><\/span><\/p>\n<p><span style=\"font-size: 18px;\" data-sheets-root=\"1\">O<strong> TEDDY PRO AR25<\/strong> \u00e9 um perfil de prote\u00e7\u00e3o redondo que se ajusta a qualquer objeto com uma inclina\u00e7\u00e3o de 90\u00b0.<\/span><\/p>\n","protected":false},"featured_media":12407,"template":"","meta":{"_acf_changed":false,"_seopress_robots_primary_cat":"none","_seopress_titles_title":"","_seopress_titles_desc":"","_seopress_robots_index":"","content-type":""},"product_brand":[],"product_cat":[75],"product_tag":[],"class_list":{"0":"post-13172","1":"product","2":"type-product","3":"status-publish","4":"has-post-thumbnail","6":"product_cat-espumas-de-protecao","8":"first","9":"instock","10":"shipping-taxable","11":"product-type-simple"},"acf":[],"_links":{"self":[{"href":"https:\/\/www.serviaplogistics.com\/pt-br\/wp-json\/wp\/v2\/product\/13172","targetHints":{"allow":["GET"]}}],"collection":[{"href":"https:\/\/www.serviaplogistics.com\/pt-br\/wp-json\/wp\/v2\/product"}],"about":[{"href":"https:\/\/www.serviaplogistics.com\/pt-br\/wp-json\/wp\/v2\/types\/product"}],"wp:featuredmedia":[{"embeddable":true,"href":"https:\/\/www.serviaplogistics.com\/pt-br\/wp-json\/wp\/v2\/media\/12407"}],"wp:attachment":[{"href":"https:\/\/www.serviaplogistics.com\/pt-br\/wp-json\/wp\/v2\/media?parent=13172"}],"wp:term":[{"taxonomy":"product_brand","embeddable":true,"href":"https:\/\/www.serviaplogistics.com\/pt-br\/wp-json\/wp\/v2\/product_brand?post=13172"},{"taxonomy":"product_cat","embeddable":true,"href":"https:\/\/www.serviaplogistics.com\/pt-br\/wp-json\/wp\/v2\/product_cat?post=13172"},{"taxonomy":"product_tag","embeddable":true,"href":"https:\/\/www.serviaplogistics.com\/pt-br\/wp-json\/wp\/v2\/product_tag?post=13172"}],"curies":[{"name":"wp","href":"https:\/\/api.w.org\/{rel}","templated":true}]}}