{"id":13173,"date":"2024-10-03T18:56:32","date_gmt":"2024-10-03T18:56:32","guid":{"rendered":"https:\/\/brouo.com.mx\/serviap\/product\/dock-bumper\/"},"modified":"2025-04-03T22:10:19","modified_gmt":"2025-04-03T22:10:19","slug":"dock-bumper","status":"publish","type":"product","link":"https:\/\/www.serviaplogistics.com\/pt-br\/product\/dock-bumper\/","title":{"rendered":"Dock Bumper"},"content":{"rendered":"<p>Os Dock Bumpers feitos de pol\u00edmero resistente oferecem prote\u00e7\u00e3o confi\u00e1vel contra danos em caminh\u00f5es, docas e portas. Com design refor\u00e7ado e alta visibilidade, ajudam a prevenir acidentes onerosos, enquanto seu material dur\u00e1vel resiste ao desgaste, cortes e rupturas melhor do que produtos convencionais.<\/p>\n","protected":false},"excerpt":{"rendered":"<p><span style=\"font-size: 21px;\"><strong>Proteja la infraestructura de los veh\u00edculos<\/strong><\/span><\/p>\n<div class=\"space\"><span style=\"font-size: 18px;\" data-sheets-root=\"1\">As docas de carga s\u00e3o \u00e1reas perigosas. Neste contexto, um motorista de empilhadeira pode cometer erros antecipadamente. Isto pode causar s\u00e9rios danos ao ve\u00edculo, ao cais de carga e \u00e0s portas. A instala\u00e7\u00e3o de <strong>p\u00e1ra-choques de pl\u00e1stico<\/strong> resistentes ao desgaste nas docas de carga pode evitar altos custos instalando <strong>p\u00e1ra-choques de pl\u00e1stico<\/strong> resistentes ao desgaste nas docas de carga.   <\/span><\/div>\n<div class=\"space\"><span style=\"font-size: 18px;\">Nossos <strong>amortecedores<\/strong> de pol\u00edmero s\u00e3o muito mais resistentes ao desgaste, cortes e rasgos do que os produtos convencionais de borracha EPDM no mercado. H\u00e1 tamb\u00e9m uma placa met\u00e1lica galvanizada integrada. O tamanho e a cor dos <strong>Dock Bumpers<\/strong> atraem a aten\u00e7\u00e3o do motorista. Essa excelente visibilidade proporciona mais seguran\u00e7a nas portas de carga e descarga.   <\/span><\/div>\n","protected":false},"featured_media":12397,"template":"","meta":{"_acf_changed":false,"_seopress_robots_primary_cat":"none","_seopress_titles_title":"","_seopress_titles_desc":"","_seopress_robots_index":"","content-type":""},"product_brand":[],"product_cat":[90],"product_tag":[],"class_list":{"0":"post-13173","1":"product","2":"type-product","3":"status-publish","4":"has-post-thumbnail","6":"product_cat-protetor-de-doca","8":"first","9":"instock","10":"shipping-taxable","11":"product-type-simple"},"acf":[],"_links":{"self":[{"href":"https:\/\/www.serviaplogistics.com\/pt-br\/wp-json\/wp\/v2\/product\/13173","targetHints":{"allow":["GET"]}}],"collection":[{"href":"https:\/\/www.serviaplogistics.com\/pt-br\/wp-json\/wp\/v2\/product"}],"about":[{"href":"https:\/\/www.serviaplogistics.com\/pt-br\/wp-json\/wp\/v2\/types\/product"}],"wp:featuredmedia":[{"embeddable":true,"href":"https:\/\/www.serviaplogistics.com\/pt-br\/wp-json\/wp\/v2\/media\/12397"}],"wp:attachment":[{"href":"https:\/\/www.serviaplogistics.com\/pt-br\/wp-json\/wp\/v2\/media?parent=13173"}],"wp:term":[{"taxonomy":"product_brand","embeddable":true,"href":"https:\/\/www.serviaplogistics.com\/pt-br\/wp-json\/wp\/v2\/product_brand?post=13173"},{"taxonomy":"product_cat","embeddable":true,"href":"https:\/\/www.serviaplogistics.com\/pt-br\/wp-json\/wp\/v2\/product_cat?post=13173"},{"taxonomy":"product_tag","embeddable":true,"href":"https:\/\/www.serviaplogistics.com\/pt-br\/wp-json\/wp\/v2\/product_tag?post=13173"}],"curies":[{"name":"wp","href":"https:\/\/api.w.org\/{rel}","templated":true}]}}